{"id":8129,"date":"2023-10-05T15:32:45","date_gmt":"2023-10-05T15:32:45","guid":{"rendered":"https:\/\/kaweska.fr\/?page_id=8129"},"modified":"2023-10-05T15:48:42","modified_gmt":"2023-10-05T15:48:42","slug":"annonce-consultant-couts-immobiliers","status":"publish","type":"page","link":"https:\/\/kaweska.fr\/index.php\/annonce-consultant-couts-immobiliers\/","title":{"rendered":"Annonce Consultant co\u00fbts immobiliers"},"content":{"rendered":"\t\t<div data-elementor-type=\"wp-page\" data-elementor-id=\"8129\" class=\"elementor elementor-8129\">\n\t\t\t\t\t\t<div class=\"elementor-section elementor-top-section elementor-element elementor-element-00b69a8 elementor-section-boxed elementor-section-height-default elementor-section-height-default\" data-id=\"00b69a8\" data-element_type=\"section\" data-e-type=\"section\">\n\t\t\t\t\t\t<div class=\"elementor-container elementor-column-gap-default\">\n\t\t\t\t\t<div class=\"elementor-column elementor-col-100 elementor-top-column elementor-element elementor-element-0e436d8\" data-id=\"0e436d8\" data-element_type=\"column\" data-e-type=\"column\">\n\t\t\t<div class=\"elementor-widget-wrap elementor-element-populated\">\n\t\t\t\t\t\t<div class=\"elementor-element elementor-element-d092542 elementor-widget elementor-widget-text-editor\" data-id=\"d092542\" data-element_type=\"widget\" data-e-type=\"widget\" data-widget_type=\"text-editor.default\">\n\t\t\t\t<div class=\"elementor-widget-container\">\n\t\t\t\t\t\t\t\t\t<p>OFFRE D&rsquo;EMPLOI &#8211; OCTOBRE 2023<\/p>\t\t\t\t\t\t\t\t<\/div>\n\t\t\t\t<\/div>\n\t\t\t\t\t<\/div>\n\t\t<\/div>\n\t\t\t\t\t<\/div>\n\t\t<\/div>\n\t\t\t\t<div class=\"elementor-section elementor-top-section elementor-element elementor-element-955019a elementor-section-boxed elementor-section-height-default elementor-section-height-default\" data-id=\"955019a\" data-element_type=\"section\" data-e-type=\"section\">\n\t\t\t\t\t\t<div class=\"elementor-container elementor-column-gap-default\">\n\t\t\t\t\t<div class=\"elementor-column elementor-col-100 elementor-top-column elementor-element elementor-element-08b4f9d\" data-id=\"08b4f9d\" data-element_type=\"column\" data-e-type=\"column\">\n\t\t\t<div class=\"elementor-widget-wrap elementor-element-populated\">\n\t\t\t\t\t\t<div class=\"elementor-element elementor-element-a732232 elementor-widget elementor-widget-heading\" data-id=\"a732232\" data-element_type=\"widget\" data-e-type=\"widget\" data-widget_type=\"heading.default\">\n\t\t\t\t<div class=\"elementor-widget-container\">\n\t\t\t\t\t<h2 class=\"elementor-heading-title elementor-size-default\">Consultant en optimisation des co\u00fbts immobiliers H\/F<\/h2>\t\t\t\t<\/div>\n\t\t\t\t<\/div>\n\t\t\t\t\t<\/div>\n\t\t<\/div>\n\t\t\t\t\t<\/div>\n\t\t<\/div>\n\t\t\t\t<div class=\"elementor-section elementor-top-section elementor-element elementor-element-7b301cff elementor-section-boxed elementor-section-height-default elementor-section-height-default\" data-id=\"7b301cff\" data-element_type=\"section\" data-e-type=\"section\">\n\t\t\t\t\t\t<div class=\"elementor-container elementor-column-gap-default\">\n\t\t\t\t\t<div class=\"elementor-column elementor-col-100 elementor-top-column elementor-element elementor-element-56c69eef\" data-id=\"56c69eef\" data-element_type=\"column\" data-e-type=\"column\">\n\t\t\t<div class=\"elementor-widget-wrap elementor-element-populated\">\n\t\t\t\t\t\t<div class=\"elementor-element elementor-element-72bc4304 elementor-widget elementor-widget-text-editor\" data-id=\"72bc4304\" data-element_type=\"widget\" data-e-type=\"widget\" data-widget_type=\"text-editor.default\">\n\t\t\t\t<div class=\"elementor-widget-container\">\n\t\t\t\t\t\t\t\t\t<p><strong>QUI NOUS SOMMES :<\/strong><\/p>\t\t\t\t\t\t\t\t<\/div>\n\t\t\t\t<\/div>\n\t\t\t\t\t<\/div>\n\t\t<\/div>\n\t\t\t\t\t<\/div>\n\t\t<\/div>\n\t\t\t\t<div class=\"elementor-section elementor-top-section elementor-element elementor-element-856e158 elementor-section-boxed elementor-section-height-default elementor-section-height-default\" data-id=\"856e158\" data-element_type=\"section\" data-e-type=\"section\">\n\t\t\t\t\t\t<div class=\"elementor-container elementor-column-gap-default\">\n\t\t\t\t\t<div class=\"elementor-column elementor-col-100 elementor-top-column elementor-element elementor-element-4784431c\" data-id=\"4784431c\" data-element_type=\"column\" data-e-type=\"column\">\n\t\t\t<div class=\"elementor-widget-wrap elementor-element-populated\">\n\t\t\t\t\t\t<div class=\"elementor-element elementor-element-b312d66 elementor-widget elementor-widget-text-editor\" data-id=\"b312d66\" data-element_type=\"widget\" data-e-type=\"widget\" data-widget_type=\"text-editor.default\">\n\t\t\t\t<div class=\"elementor-widget-container\">\n\t\t\t\t\t\t\t\t\t<p>Kaweska est un cabinet de conseil en optimisation des d\u00e9penses et am\u00e9lioration de la performance, qui a fait du lieu de travail sa sp\u00e9cialit\u00e9.<\/p><p>Nos missions consistent \u00e0 aider les directions g\u00e9n\u00e9rales et financi\u00e8res des entreprises \u00e0 r\u00e9aliser des \u00e9conomies sur leurs d\u00e9penses immobili\u00e8res et leurs cotisations tout en contribuant \u00e0 renforcer la productivit\u00e9 et le bien-\u00eatre de leurs \u00e9quipes. Nos clients sont essentiellement constitu\u00e9s de PME et ETI mais aussi de quelques grands groupes internationaux.<\/p><p>Afin d\u2019accompagner notre croissance et de r\u00e9pondre \u00e0 nos fortes ambitions nous recrutons pour notre P\u00f4le d\u2019Expertise en Co\u00fbts Immobiliers bas\u00e9 \u00e0 Paris un(e) consultant(e) pr\u00eat(e) \u00e0 s\u2019investir dans une jeune structure en fort d\u00e9veloppement et offrant de belles opportunit\u00e9s d\u2019\u00e9volution.<\/p>\t\t\t\t\t\t\t\t<\/div>\n\t\t\t\t<\/div>\n\t\t\t\t\t<\/div>\n\t\t<\/div>\n\t\t\t\t\t<\/div>\n\t\t<\/div>\n\t\t\t\t<div class=\"elementor-section elementor-top-section elementor-element elementor-element-3e6a529 elementor-section-boxed elementor-section-height-default elementor-section-height-default\" data-id=\"3e6a529\" data-element_type=\"section\" data-e-type=\"section\">\n\t\t\t\t\t\t<div class=\"elementor-container elementor-column-gap-default\">\n\t\t\t\t\t<div class=\"elementor-column elementor-col-100 elementor-top-column elementor-element elementor-element-600aa21\" data-id=\"600aa21\" data-element_type=\"column\" data-e-type=\"column\">\n\t\t\t<div class=\"elementor-widget-wrap elementor-element-populated\">\n\t\t\t\t\t\t<div class=\"elementor-element elementor-element-5168ea1 elementor-widget elementor-widget-text-editor\" data-id=\"5168ea1\" data-element_type=\"widget\" data-e-type=\"widget\" data-widget_type=\"text-editor.default\">\n\t\t\t\t<div class=\"elementor-widget-container\">\n\t\t\t\t\t\t\t\t\t<p><strong>LA MISSION :<\/strong><\/p>\t\t\t\t\t\t\t\t<\/div>\n\t\t\t\t<\/div>\n\t\t\t\t\t<\/div>\n\t\t<\/div>\n\t\t\t\t\t<\/div>\n\t\t<\/div>\n\t\t\t\t<div class=\"elementor-section elementor-top-section elementor-element elementor-element-4519b18 elementor-section-boxed elementor-section-height-default elementor-section-height-default\" data-id=\"4519b18\" data-element_type=\"section\" data-e-type=\"section\">\n\t\t\t\t\t\t<div class=\"elementor-container elementor-column-gap-default\">\n\t\t\t\t\t<div class=\"elementor-column elementor-col-100 elementor-top-column elementor-element elementor-element-68d4b73\" data-id=\"68d4b73\" data-element_type=\"column\" data-e-type=\"column\">\n\t\t\t<div class=\"elementor-widget-wrap elementor-element-populated\">\n\t\t\t\t\t\t<div class=\"elementor-element elementor-element-ae4ade4 elementor-widget elementor-widget-text-editor\" data-id=\"ae4ade4\" data-element_type=\"widget\" data-e-type=\"widget\" data-widget_type=\"text-editor.default\">\n\t\t\t\t<div class=\"elementor-widget-container\">\n\t\t\t\t\t\t\t\t\t<p>En lien direct avec les clients du cabinet, votre mission consistera \u00e0 conseiller ces derniers sur la meilleure strat\u00e9gie \u00e0 adopter et les meilleures solutions \u00e0 mettre en \u0153uvre pour optimiser leurs d\u00e9penses immobili\u00e8res. Apr\u00e8s une p\u00e9riode d\u2019adaptation aux sp\u00e9cificit\u00e9s de notre approche conseil, vous serez progressivement amen\u00e9(e) \u00e0 mener des missions dans leur int\u00e9gralit\u00e9\u00a0et en autonomie :<\/p><p>Votre mission:<\/p><ul><li>Audit et analyses du poste de co\u00fbt immobilier de nos clients<\/li><li>Elaboration de cartographie et d\u2019\u00e9tudes comparatives march\u00e9<\/li><li>Mise en \u0153uvre op\u00e9rationnelle des pistes d\u2019optimisation<\/li><li>Suivi de l\u2019application des nouvelles conditions obtenues<\/li><li>Elaboration de rapports d\u2019audit et d\u2019outils de calcul et suivi d\u2019\u00e9conomies<\/li><li>Veille march\u00e9\/r\u00e9glementaire, benchmarks et r\u00e9daction de notes de synth\u00e8se<\/li><\/ul>\t\t\t\t\t\t\t\t<\/div>\n\t\t\t\t<\/div>\n\t\t\t\t\t<\/div>\n\t\t<\/div>\n\t\t\t\t\t<\/div>\n\t\t<\/div>\n\t\t\t\t<div class=\"elementor-section elementor-top-section elementor-element elementor-element-9de9445 elementor-section-boxed elementor-section-height-default elementor-section-height-default\" data-id=\"9de9445\" data-element_type=\"section\" data-e-type=\"section\">\n\t\t\t\t\t\t<div class=\"elementor-container elementor-column-gap-default\">\n\t\t\t\t\t<div class=\"elementor-column elementor-col-100 elementor-top-column elementor-element elementor-element-0e886af\" data-id=\"0e886af\" data-element_type=\"column\" data-e-type=\"column\">\n\t\t\t<div class=\"elementor-widget-wrap elementor-element-populated\">\n\t\t\t\t\t\t<div class=\"elementor-element elementor-element-a1c0ea6 elementor-widget elementor-widget-text-editor\" data-id=\"a1c0ea6\" data-element_type=\"widget\" data-e-type=\"widget\" data-widget_type=\"text-editor.default\">\n\t\t\t\t<div class=\"elementor-widget-container\">\n\t\t\t\t\t\t\t\t\t<p><strong>VOTRE PROFIL :<\/strong><\/p>\t\t\t\t\t\t\t\t<\/div>\n\t\t\t\t<\/div>\n\t\t\t\t\t<\/div>\n\t\t<\/div>\n\t\t\t\t\t<\/div>\n\t\t<\/div>\n\t\t\t\t<div class=\"elementor-section elementor-top-section elementor-element elementor-element-a0cd421 elementor-section-boxed elementor-section-height-default elementor-section-height-default\" data-id=\"a0cd421\" data-element_type=\"section\" data-e-type=\"section\">\n\t\t\t\t\t\t<div class=\"elementor-container elementor-column-gap-default\">\n\t\t\t\t\t<div class=\"elementor-column elementor-col-100 elementor-top-column elementor-element elementor-element-91b0c83\" data-id=\"91b0c83\" data-element_type=\"column\" data-e-type=\"column\">\n\t\t\t<div class=\"elementor-widget-wrap elementor-element-populated\">\n\t\t\t\t\t\t<div class=\"elementor-element elementor-element-c72e77e elementor-widget elementor-widget-text-editor\" data-id=\"c72e77e\" data-element_type=\"widget\" data-e-type=\"widget\" data-widget_type=\"text-editor.default\">\n\t\t\t\t<div class=\"elementor-widget-container\">\n\t\t\t\t\t\t\t\t\t<p>De formation sup\u00e9rieure (Ecole de commerce, Master\u2026) vous capitalisez une premi\u00e8re exp\u00e9rience r\u00e9ussie chez un acteur reconnu de l\u2019immobilier d\u2019entreprise (conseil, gestionnaire, fonci\u00e8re, etc.) id\u00e9alement \u00e0 un poste de d\u2019Asset manageur, voire de Property manageur.<\/p><p>Qualit\u00e9s requises\u00a0:<\/p><ul><li>Rigueur analytique, capacit\u00e9 de synth\u00e8se<\/li><li>Tr\u00e8s bonne \u00e9locution et qualit\u00e9s r\u00e9dactionnelles<\/li><li>Connaissance de l\u2019environnement immobilier de bureaux et bonne culture financi\u00e8re<\/li><li>Autonomie et organisation<\/li><li>Tr\u00e8s bonne maitrise des applications MS Excel et Powerpoint<\/li><\/ul><p>Et surtout votre bonne humeur\u00a0!<\/p><p>Le monde du conseil vous passionne, vous avez envie de progresser et d\u2019acqu\u00e9rir des comp\u00e9tences pointues au contact de personnes de haut niveau. Vous aimez les challenges, la perspective de rejoindre un jeune cabinet \u00e0 taille humaine proposant de belles opportunit\u00e9s d\u2019\u00e9volution vous motive, alors rencontrons-nous\u00a0!<\/p>\t\t\t\t\t\t\t\t<\/div>\n\t\t\t\t<\/div>\n\t\t\t\t\t<\/div>\n\t\t<\/div>\n\t\t\t\t\t<\/div>\n\t\t<\/div>\n\t\t\t\t<div class=\"elementor-section elementor-top-section elementor-element elementor-element-00aa1a9 elementor-section-boxed elementor-section-height-default elementor-section-height-default\" data-id=\"00aa1a9\" data-element_type=\"section\" data-e-type=\"section\">\n\t\t\t\t\t\t<div class=\"elementor-container elementor-column-gap-default\">\n\t\t\t\t\t<div class=\"elementor-column elementor-col-100 elementor-top-column elementor-element elementor-element-5ac40d8\" data-id=\"5ac40d8\" data-element_type=\"column\" data-e-type=\"column\">\n\t\t\t<div class=\"elementor-widget-wrap elementor-element-populated\">\n\t\t\t\t\t\t<div class=\"elementor-element elementor-element-27453af elementor-widget-laptop__width-initial elementor-widget elementor-widget-text-editor\" data-id=\"27453af\" data-element_type=\"widget\" data-e-type=\"widget\" data-widget_type=\"text-editor.default\">\n\t\t\t\t<div class=\"elementor-widget-container\">\n\t\t\t\t\t\t\t\t\t<p><\/p><p><strong>Contact&nbsp;:<\/strong> <a href=\"mailto:emploi@kaweska.fr\">emploi@kaweska.fr<\/a> &#8211; R\u00e9f\u00e9rence : CDI\/COI\/2023<\/p>\t\t\t\t\t\t\t\t<\/div>\n\t\t\t\t<\/div>\n\t\t\t\t\t<\/div>\n\t\t<\/div>\n\t\t\t\t\t<\/div>\n\t\t<\/div>\n\t\t\t\t<\/div>\n\t\t","protected":false},"excerpt":{"rendered":"<p>OFFRE D&rsquo;EMPLOI &#8211; OCTOBRE 2023 Consultant en optimisation des co\u00fbts immobiliers H\/F [&hellip;]<\/p>\n","protected":false},"author":2,"featured_media":0,"parent":0,"menu_order":0,"comment_status":"closed","ping_status":"closed","template":"","meta":{"footnotes":""},"class_list":["post-8129","page","type-page","status-publish","hentry"],"yoast_head":"<!-- This site is optimized with the Yoast SEO plugin v27.5 - https:\/\/yoast.com\/product\/yoast-seo-wordpress\/ -->\n<title>Annonce Consultant co\u00fbts immobiliers - KAWESKA<\/title>\n<meta name=\"robots\" content=\"index, follow, max-snippet:-1, max-image-preview:large, max-video-preview:-1\" \/>\n<link rel=\"canonical\" href=\"https:\/\/kaweska.fr\/index.php\/annonce-consultant-couts-immobiliers\/\" \/>\n<meta property=\"og:locale\" content=\"fr_FR\" \/>\n<meta property=\"og:type\" content=\"article\" \/>\n<meta property=\"og:title\" content=\"Annonce Consultant co\u00fbts immobiliers - KAWESKA\" \/>\n<meta property=\"og:description\" content=\"OFFRE D&rsquo;EMPLOI &#8211; OCTOBRE 2023 Consultant en optimisation des co\u00fbts immobiliers H\/F [&hellip;]\" \/>\n<meta property=\"og:url\" content=\"https:\/\/kaweska.fr\/index.php\/annonce-consultant-couts-immobiliers\/\" \/>\n<meta property=\"og:site_name\" content=\"KAWESKA\" \/>\n<meta property=\"article:modified_time\" content=\"2023-10-05T15:48:42+00:00\" \/>\n<meta name=\"twitter:card\" content=\"summary_large_image\" \/>\n<meta name=\"twitter:label1\" content=\"Dur\u00e9e de lecture estim\u00e9e\" \/>\n\t<meta name=\"twitter:data1\" content=\"2 minutes\" \/>\n<script type=\"application\/ld+json\" class=\"yoast-schema-graph\">{\"@context\":\"https:\\\/\\\/schema.org\",\"@graph\":[{\"@type\":\"WebPage\",\"@id\":\"https:\\\/\\\/kaweska.fr\\\/index.php\\\/annonce-consultant-couts-immobiliers\\\/\",\"url\":\"https:\\\/\\\/kaweska.fr\\\/index.php\\\/annonce-consultant-couts-immobiliers\\\/\",\"name\":\"Annonce Consultant co\u00fbts immobiliers - KAWESKA\",\"isPartOf\":{\"@id\":\"https:\\\/\\\/kaweska.fr\\\/#website\"},\"datePublished\":\"2023-10-05T15:32:45+00:00\",\"dateModified\":\"2023-10-05T15:48:42+00:00\",\"breadcrumb\":{\"@id\":\"https:\\\/\\\/kaweska.fr\\\/index.php\\\/annonce-consultant-couts-immobiliers\\\/#breadcrumb\"},\"inLanguage\":\"fr-FR\",\"potentialAction\":[{\"@type\":\"ReadAction\",\"target\":[\"https:\\\/\\\/kaweska.fr\\\/index.php\\\/annonce-consultant-couts-immobiliers\\\/\"]}]},{\"@type\":\"BreadcrumbList\",\"@id\":\"https:\\\/\\\/kaweska.fr\\\/index.php\\\/annonce-consultant-couts-immobiliers\\\/#breadcrumb\",\"itemListElement\":[{\"@type\":\"ListItem\",\"position\":1,\"name\":\"Accueil\",\"item\":\"https:\\\/\\\/kaweska.fr\\\/\"},{\"@type\":\"ListItem\",\"position\":2,\"name\":\"Annonce Consultant co\u00fbts immobiliers\"}]},{\"@type\":\"WebSite\",\"@id\":\"https:\\\/\\\/kaweska.fr\\\/#website\",\"url\":\"https:\\\/\\\/kaweska.fr\\\/\",\"name\":\"KAWESKA\",\"description\":\"\",\"potentialAction\":[{\"@type\":\"SearchAction\",\"target\":{\"@type\":\"EntryPoint\",\"urlTemplate\":\"https:\\\/\\\/kaweska.fr\\\/?s={search_term_string}\"},\"query-input\":{\"@type\":\"PropertyValueSpecification\",\"valueRequired\":true,\"valueName\":\"search_term_string\"}}],\"inLanguage\":\"fr-FR\"}]}<\/script>\n<!-- \/ Yoast SEO plugin. -->","yoast_head_json":{"title":"Annonce Consultant co\u00fbts immobiliers - KAWESKA","robots":{"index":"index","follow":"follow","max-snippet":"max-snippet:-1","max-image-preview":"max-image-preview:large","max-video-preview":"max-video-preview:-1"},"canonical":"https:\/\/kaweska.fr\/index.php\/annonce-consultant-couts-immobiliers\/","og_locale":"fr_FR","og_type":"article","og_title":"Annonce Consultant co\u00fbts immobiliers - KAWESKA","og_description":"OFFRE D&rsquo;EMPLOI &#8211; OCTOBRE 2023 Consultant en optimisation des co\u00fbts immobiliers H\/F [&hellip;]","og_url":"https:\/\/kaweska.fr\/index.php\/annonce-consultant-couts-immobiliers\/","og_site_name":"KAWESKA","article_modified_time":"2023-10-05T15:48:42+00:00","twitter_card":"summary_large_image","twitter_misc":{"Dur\u00e9e de lecture estim\u00e9e":"2 minutes"},"schema":{"@context":"https:\/\/schema.org","@graph":[{"@type":"WebPage","@id":"https:\/\/kaweska.fr\/index.php\/annonce-consultant-couts-immobiliers\/","url":"https:\/\/kaweska.fr\/index.php\/annonce-consultant-couts-immobiliers\/","name":"Annonce Consultant co\u00fbts immobiliers - KAWESKA","isPartOf":{"@id":"https:\/\/kaweska.fr\/#website"},"datePublished":"2023-10-05T15:32:45+00:00","dateModified":"2023-10-05T15:48:42+00:00","breadcrumb":{"@id":"https:\/\/kaweska.fr\/index.php\/annonce-consultant-couts-immobiliers\/#breadcrumb"},"inLanguage":"fr-FR","potentialAction":[{"@type":"ReadAction","target":["https:\/\/kaweska.fr\/index.php\/annonce-consultant-couts-immobiliers\/"]}]},{"@type":"BreadcrumbList","@id":"https:\/\/kaweska.fr\/index.php\/annonce-consultant-couts-immobiliers\/#breadcrumb","itemListElement":[{"@type":"ListItem","position":1,"name":"Accueil","item":"https:\/\/kaweska.fr\/"},{"@type":"ListItem","position":2,"name":"Annonce Consultant co\u00fbts immobiliers"}]},{"@type":"WebSite","@id":"https:\/\/kaweska.fr\/#website","url":"https:\/\/kaweska.fr\/","name":"KAWESKA","description":"","potentialAction":[{"@type":"SearchAction","target":{"@type":"EntryPoint","urlTemplate":"https:\/\/kaweska.fr\/?s={search_term_string}"},"query-input":{"@type":"PropertyValueSpecification","valueRequired":true,"valueName":"search_term_string"}}],"inLanguage":"fr-FR"}]}},"_links":{"self":[{"href":"https:\/\/kaweska.fr\/index.php\/wp-json\/wp\/v2\/pages\/8129","targetHints":{"allow":["GET"]}}],"collection":[{"href":"https:\/\/kaweska.fr\/index.php\/wp-json\/wp\/v2\/pages"}],"about":[{"href":"https:\/\/kaweska.fr\/index.php\/wp-json\/wp\/v2\/types\/page"}],"author":[{"embeddable":true,"href":"https:\/\/kaweska.fr\/index.php\/wp-json\/wp\/v2\/users\/2"}],"replies":[{"embeddable":true,"href":"https:\/\/kaweska.fr\/index.php\/wp-json\/wp\/v2\/comments?post=8129"}],"version-history":[{"count":0,"href":"https:\/\/kaweska.fr\/index.php\/wp-json\/wp\/v2\/pages\/8129\/revisions"}],"wp:attachment":[{"href":"https:\/\/kaweska.fr\/index.php\/wp-json\/wp\/v2\/media?parent=8129"}],"curies":[{"name":"wp","href":"https:\/\/api.w.org\/{rel}","templated":true}]}}