{"id":7777,"date":"2023-10-05T14:01:54","date_gmt":"2023-10-05T14:01:54","guid":{"rendered":"https:\/\/kaweska.fr\/?page_id=7777"},"modified":"2023-10-05T16:03:17","modified_gmt":"2023-10-05T16:03:17","slug":"annonce-bd-stage","status":"publish","type":"page","link":"https:\/\/kaweska.fr\/index.php\/annonce-bd-stage\/","title":{"rendered":"Annonce BD Stage"},"content":{"rendered":"\t\t<div data-elementor-type=\"wp-page\" data-elementor-id=\"7777\" class=\"elementor elementor-7777\">\n\t\t\t\t\t\t<div class=\"elementor-section elementor-top-section elementor-element elementor-element-00b69a8 elementor-section-boxed elementor-section-height-default elementor-section-height-default\" data-id=\"00b69a8\" data-element_type=\"section\" data-e-type=\"section\">\n\t\t\t\t\t\t<div class=\"elementor-container elementor-column-gap-default\">\n\t\t\t\t\t<div class=\"elementor-column elementor-col-100 elementor-top-column elementor-element elementor-element-0e436d8\" data-id=\"0e436d8\" data-element_type=\"column\" data-e-type=\"column\">\n\t\t\t<div class=\"elementor-widget-wrap elementor-element-populated\">\n\t\t\t\t\t\t<div class=\"elementor-element elementor-element-d092542 elementor-widget elementor-widget-text-editor\" data-id=\"d092542\" data-element_type=\"widget\" data-e-type=\"widget\" data-widget_type=\"text-editor.default\">\n\t\t\t\t<div class=\"elementor-widget-container\">\n\t\t\t\t\t\t\t\t\t<p>OFFRE DE STAGE &#8211; OCTOBRE 2023<\/p>\t\t\t\t\t\t\t\t<\/div>\n\t\t\t\t<\/div>\n\t\t\t\t\t<\/div>\n\t\t<\/div>\n\t\t\t\t\t<\/div>\n\t\t<\/div>\n\t\t\t\t<div class=\"elementor-section elementor-top-section elementor-element elementor-element-955019a elementor-section-boxed elementor-section-height-default elementor-section-height-default\" data-id=\"955019a\" data-element_type=\"section\" data-e-type=\"section\">\n\t\t\t\t\t\t<div class=\"elementor-container elementor-column-gap-default\">\n\t\t\t\t\t<div class=\"elementor-column elementor-col-100 elementor-top-column elementor-element elementor-element-08b4f9d\" data-id=\"08b4f9d\" data-element_type=\"column\" data-e-type=\"column\">\n\t\t\t<div class=\"elementor-widget-wrap elementor-element-populated\">\n\t\t\t\t\t\t<div class=\"elementor-element elementor-element-a732232 elementor-widget elementor-widget-heading\" data-id=\"a732232\" data-element_type=\"widget\" data-e-type=\"widget\" data-widget_type=\"heading.default\">\n\t\t\t\t<div class=\"elementor-widget-container\">\n\t\t\t\t\t<h2 class=\"elementor-heading-title elementor-size-default\">Business Developer H\/F (stage de fin d'\u00e9tude)<br><\/h2>\t\t\t\t<\/div>\n\t\t\t\t<\/div>\n\t\t\t\t\t<\/div>\n\t\t<\/div>\n\t\t\t\t\t<\/div>\n\t\t<\/div>\n\t\t\t\t<div class=\"elementor-section elementor-top-section elementor-element elementor-element-7b301cff elementor-section-boxed elementor-section-height-default elementor-section-height-default\" data-id=\"7b301cff\" data-element_type=\"section\" data-e-type=\"section\">\n\t\t\t\t\t\t<div class=\"elementor-container elementor-column-gap-default\">\n\t\t\t\t\t<div class=\"elementor-column elementor-col-100 elementor-top-column elementor-element elementor-element-56c69eef\" data-id=\"56c69eef\" data-element_type=\"column\" data-e-type=\"column\">\n\t\t\t<div class=\"elementor-widget-wrap elementor-element-populated\">\n\t\t\t\t\t\t<div class=\"elementor-element elementor-element-72bc4304 elementor-widget elementor-widget-text-editor\" data-id=\"72bc4304\" data-element_type=\"widget\" data-e-type=\"widget\" data-widget_type=\"text-editor.default\">\n\t\t\t\t<div class=\"elementor-widget-container\">\n\t\t\t\t\t\t\t\t\t<p><strong>QUI NOUS SOMMES :<\/strong><\/p>\t\t\t\t\t\t\t\t<\/div>\n\t\t\t\t<\/div>\n\t\t\t\t\t<\/div>\n\t\t<\/div>\n\t\t\t\t\t<\/div>\n\t\t<\/div>\n\t\t\t\t<div class=\"elementor-section elementor-top-section elementor-element elementor-element-856e158 elementor-section-boxed elementor-section-height-default elementor-section-height-default\" data-id=\"856e158\" data-element_type=\"section\" data-e-type=\"section\">\n\t\t\t\t\t\t<div class=\"elementor-container elementor-column-gap-default\">\n\t\t\t\t\t<div class=\"elementor-column elementor-col-100 elementor-top-column elementor-element elementor-element-4784431c\" data-id=\"4784431c\" data-element_type=\"column\" data-e-type=\"column\">\n\t\t\t<div class=\"elementor-widget-wrap elementor-element-populated\">\n\t\t\t\t\t\t<div class=\"elementor-element elementor-element-b312d66 elementor-widget elementor-widget-text-editor\" data-id=\"b312d66\" data-element_type=\"widget\" data-e-type=\"widget\" data-widget_type=\"text-editor.default\">\n\t\t\t\t<div class=\"elementor-widget-container\">\n\t\t\t\t\t\t\t\t\t<p>Kaweska est un cabinet de conseil en optimisation des d\u00e9penses et am\u00e9lioration de la performance, qui a fait du lieu de travail sa sp\u00e9cialit\u00e9.<\/p><p>Nos missions consistent \u00e0 aider les directions g\u00e9n\u00e9rales et financi\u00e8res des entreprises \u00e0 r\u00e9aliser des \u00e9conomies sur leurs d\u00e9penses immobili\u00e8res et leurs cotisations tout en contribuant \u00e0 renforcer la productivit\u00e9 et le bien-\u00eatre de leurs \u00e9quipes. Nos clients sont essentiellement constitu\u00e9s de PME et ETI mais aussi de quelques grands groupes internationaux.<\/p><p>Afin d\u2019accompagner notre croissance et de r\u00e9pondre \u00e0 nos fortes ambitions recherchons des stagiaires pr\u00eats \u00e0 s\u2019investir dans une structure en fort d\u00e9veloppement et offrant de belles opportunit\u00e9s d\u2019\u00e9volution.<\/p>\t\t\t\t\t\t\t\t<\/div>\n\t\t\t\t<\/div>\n\t\t\t\t\t<\/div>\n\t\t<\/div>\n\t\t\t\t\t<\/div>\n\t\t<\/div>\n\t\t\t\t<div class=\"elementor-section elementor-top-section elementor-element elementor-element-3e6a529 elementor-section-boxed elementor-section-height-default elementor-section-height-default\" data-id=\"3e6a529\" data-element_type=\"section\" data-e-type=\"section\">\n\t\t\t\t\t\t<div class=\"elementor-container elementor-column-gap-default\">\n\t\t\t\t\t<div class=\"elementor-column elementor-col-100 elementor-top-column elementor-element elementor-element-600aa21\" data-id=\"600aa21\" data-element_type=\"column\" data-e-type=\"column\">\n\t\t\t<div class=\"elementor-widget-wrap elementor-element-populated\">\n\t\t\t\t\t\t<div class=\"elementor-element elementor-element-5168ea1 elementor-widget elementor-widget-text-editor\" data-id=\"5168ea1\" data-element_type=\"widget\" data-e-type=\"widget\" data-widget_type=\"text-editor.default\">\n\t\t\t\t<div class=\"elementor-widget-container\">\n\t\t\t\t\t\t\t\t\t<p><strong>LA MISSION :<\/strong><\/p>\t\t\t\t\t\t\t\t<\/div>\n\t\t\t\t<\/div>\n\t\t\t\t\t<\/div>\n\t\t<\/div>\n\t\t\t\t\t<\/div>\n\t\t<\/div>\n\t\t\t\t<div class=\"elementor-section elementor-top-section elementor-element elementor-element-4519b18 elementor-section-boxed elementor-section-height-default elementor-section-height-default\" data-id=\"4519b18\" data-element_type=\"section\" data-e-type=\"section\">\n\t\t\t\t\t\t<div class=\"elementor-container elementor-column-gap-default\">\n\t\t\t\t\t<div class=\"elementor-column elementor-col-100 elementor-top-column elementor-element elementor-element-68d4b73\" data-id=\"68d4b73\" data-element_type=\"column\" data-e-type=\"column\">\n\t\t\t<div class=\"elementor-widget-wrap elementor-element-populated\">\n\t\t\t\t\t\t<div class=\"elementor-element elementor-element-ae4ade4 elementor-widget elementor-widget-text-editor\" data-id=\"ae4ade4\" data-element_type=\"widget\" data-e-type=\"widget\" data-widget_type=\"text-editor.default\">\n\t\t\t\t<div class=\"elementor-widget-container\">\n\t\t\t\t\t\t\t\t\t<p>Vous travaillerez en \u00e9troite collaboration avec le Directeur associ\u00e9 en charge du d\u00e9veloppement commercial qui assurera dans un premier temps votre formation au m\u00e9tier de Business Developer. Compte tenu de structure l\u00e9g\u00e8re de notre cabinet, vous serez fortement responsabilis\u00e9.<\/p><p>Votre principales t\u00e2ches :<\/p><ul><li>Qualification et g\u00e9n\u00e9ration de leads (inbound et outbound) via tous types de canaux<\/li><li>R\u00e9alisation de campagnes de prospection digitales et t\u00e9l\u00e9phoniques<\/li><li>Organisation de r\u00e9unions prospects et clients<\/li><li>Participation \u00e0 l&rsquo;\u00e9laboration de proposition d&rsquo;accompagnement<\/li><\/ul>\t\t\t\t\t\t\t\t<\/div>\n\t\t\t\t<\/div>\n\t\t\t\t\t<\/div>\n\t\t<\/div>\n\t\t\t\t\t<\/div>\n\t\t<\/div>\n\t\t\t\t<div class=\"elementor-section elementor-top-section elementor-element elementor-element-9de9445 elementor-section-boxed elementor-section-height-default elementor-section-height-default\" data-id=\"9de9445\" data-element_type=\"section\" data-e-type=\"section\">\n\t\t\t\t\t\t<div class=\"elementor-container elementor-column-gap-default\">\n\t\t\t\t\t<div class=\"elementor-column elementor-col-100 elementor-top-column elementor-element elementor-element-0e886af\" data-id=\"0e886af\" data-element_type=\"column\" data-e-type=\"column\">\n\t\t\t<div class=\"elementor-widget-wrap elementor-element-populated\">\n\t\t\t\t\t\t<div class=\"elementor-element elementor-element-a1c0ea6 elementor-widget elementor-widget-text-editor\" data-id=\"a1c0ea6\" data-element_type=\"widget\" data-e-type=\"widget\" data-widget_type=\"text-editor.default\">\n\t\t\t\t<div class=\"elementor-widget-container\">\n\t\t\t\t\t\t\t\t\t<p><strong>VOTRE PROFIL :<\/strong><\/p>\t\t\t\t\t\t\t\t<\/div>\n\t\t\t\t<\/div>\n\t\t\t\t\t<\/div>\n\t\t<\/div>\n\t\t\t\t\t<\/div>\n\t\t<\/div>\n\t\t\t\t<div class=\"elementor-section elementor-top-section elementor-element elementor-element-a0cd421 elementor-section-boxed elementor-section-height-default elementor-section-height-default\" data-id=\"a0cd421\" data-element_type=\"section\" data-e-type=\"section\">\n\t\t\t\t\t\t<div class=\"elementor-container elementor-column-gap-default\">\n\t\t\t\t\t<div class=\"elementor-column elementor-col-100 elementor-top-column elementor-element elementor-element-91b0c83\" data-id=\"91b0c83\" data-element_type=\"column\" data-e-type=\"column\">\n\t\t\t<div class=\"elementor-widget-wrap elementor-element-populated\">\n\t\t\t\t\t\t<div class=\"elementor-element elementor-element-c72e77e elementor-widget elementor-widget-text-editor\" data-id=\"c72e77e\" data-element_type=\"widget\" data-e-type=\"widget\" data-widget_type=\"text-editor.default\">\n\t\t\t\t<div class=\"elementor-widget-container\">\n\t\t\t\t\t\t\t\t\t<p>De formation commerciale Bac+4\/5 vous recherchez un stage de fin d\u2019\u00e9tude pouvant aboutir \u00e0 un CDI.<\/p>\n<p>Qualit\u00e9s requises&nbsp;:<\/p>\n<ul>\n<li>Dynamisme et go\u00fbt du contact humain<\/li>\n<li>Tr\u00e8s bonne \u00e9locution<\/li>\n<li>Capacit\u00e9 de persuasion face \u00e0 des interlocuteurs vari\u00e9s et de haut niveau<\/li>\n<li>T\u00e9nacit\u00e9 &amp; bonne r\u00e9partie<\/li>\n<li>Motivation et investissement dans le travail<\/li>\n<li>Autonomie &amp; organisation<\/li>\n<\/ul>\n<p>Et surtout votre bonne humeur&nbsp;!<\/p>\n<p>Vous \u00eates attir\u00e9(e) par la conqu\u00eate de clients et par la satisfaction et la fiert\u00e9 que cela procure, vous avez envie de progresser et d\u2019acqu\u00e9rir des comp\u00e9tences pointues, vous aimez les challenges, la perspective de rejoindre un cabinet \u00e0 taille humaine et proposant de belles opportunit\u00e9s d\u2019\u00e9volution vous motive, alors rencontrons-nous !<\/p>\t\t\t\t\t\t\t\t<\/div>\n\t\t\t\t<\/div>\n\t\t\t\t\t<\/div>\n\t\t<\/div>\n\t\t\t\t\t<\/div>\n\t\t<\/div>\n\t\t\t\t<div class=\"elementor-section elementor-top-section elementor-element elementor-element-00aa1a9 elementor-section-boxed elementor-section-height-default elementor-section-height-default\" data-id=\"00aa1a9\" data-element_type=\"section\" data-e-type=\"section\">\n\t\t\t\t\t\t<div class=\"elementor-container elementor-column-gap-default\">\n\t\t\t\t\t<div class=\"elementor-column elementor-col-100 elementor-top-column elementor-element elementor-element-5ac40d8\" data-id=\"5ac40d8\" data-element_type=\"column\" data-e-type=\"column\">\n\t\t\t<div class=\"elementor-widget-wrap elementor-element-populated\">\n\t\t\t\t\t\t<div class=\"elementor-element elementor-element-27453af elementor-widget-laptop__width-initial elementor-widget elementor-widget-text-editor\" data-id=\"27453af\" data-element_type=\"widget\" data-e-type=\"widget\" data-widget_type=\"text-editor.default\">\n\t\t\t\t<div class=\"elementor-widget-container\">\n\t\t\t\t\t\t\t\t\t<p><strong>Date de d\u00e9but&nbsp;: <\/strong>d\u00e8s que possible<\/p>\n<p><strong>Dur\u00e9e&nbsp;: <\/strong>5 mois minimum<\/p>\n<p><strong>Gratification&nbsp;: <\/strong>Selon formation &amp; exp\u00e9rience<\/p>\n<p><strong>Lieu du stage&nbsp;: <\/strong>Paris 8<sup>\u00e8me<\/sup> \/ Madeleine<\/p>\n<p><strong>Contact&nbsp;:<\/strong> <a href=\"mailto:emploi@kaweska.fr\">emploi@kaweska.fr<\/a> &#8211; R\u00e9f\u00e9rence : ST\/BD\/2023<\/p>\t\t\t\t\t\t\t\t<\/div>\n\t\t\t\t<\/div>\n\t\t\t\t\t<\/div>\n\t\t<\/div>\n\t\t\t\t\t<\/div>\n\t\t<\/div>\n\t\t\t\t<\/div>\n\t\t","protected":false},"excerpt":{"rendered":"<p>OFFRE DE STAGE &#8211; OCTOBRE 2023 Business Developer H\/F (stage de fin [&hellip;]<\/p>\n","protected":false},"author":2,"featured_media":0,"parent":0,"menu_order":0,"comment_status":"closed","ping_status":"closed","template":"","meta":{"footnotes":""},"class_list":["post-7777","page","type-page","status-publish","hentry"],"yoast_head":"<!-- This site is optimized with the Yoast SEO plugin v27.5 - https:\/\/yoast.com\/product\/yoast-seo-wordpress\/ -->\n<title>Annonce BD Stage - KAWESKA<\/title>\n<meta name=\"robots\" content=\"index, follow, max-snippet:-1, max-image-preview:large, max-video-preview:-1\" \/>\n<link rel=\"canonical\" href=\"https:\/\/kaweska.fr\/index.php\/annonce-bd-stage\/\" \/>\n<meta property=\"og:locale\" content=\"fr_FR\" \/>\n<meta property=\"og:type\" content=\"article\" \/>\n<meta property=\"og:title\" content=\"Annonce BD Stage - KAWESKA\" \/>\n<meta property=\"og:description\" content=\"OFFRE DE STAGE &#8211; OCTOBRE 2023 Business Developer H\/F (stage de fin [&hellip;]\" \/>\n<meta property=\"og:url\" content=\"https:\/\/kaweska.fr\/index.php\/annonce-bd-stage\/\" \/>\n<meta property=\"og:site_name\" content=\"KAWESKA\" \/>\n<meta property=\"article:modified_time\" content=\"2023-10-05T16:03:17+00:00\" \/>\n<meta name=\"twitter:card\" content=\"summary_large_image\" \/>\n<meta name=\"twitter:label1\" content=\"Dur\u00e9e de lecture estim\u00e9e\" \/>\n\t<meta name=\"twitter:data1\" content=\"2 minutes\" \/>\n<script type=\"application\/ld+json\" class=\"yoast-schema-graph\">{\"@context\":\"https:\\\/\\\/schema.org\",\"@graph\":[{\"@type\":\"WebPage\",\"@id\":\"https:\\\/\\\/kaweska.fr\\\/index.php\\\/annonce-bd-stage\\\/\",\"url\":\"https:\\\/\\\/kaweska.fr\\\/index.php\\\/annonce-bd-stage\\\/\",\"name\":\"Annonce BD Stage - KAWESKA\",\"isPartOf\":{\"@id\":\"https:\\\/\\\/kaweska.fr\\\/#website\"},\"datePublished\":\"2023-10-05T14:01:54+00:00\",\"dateModified\":\"2023-10-05T16:03:17+00:00\",\"breadcrumb\":{\"@id\":\"https:\\\/\\\/kaweska.fr\\\/index.php\\\/annonce-bd-stage\\\/#breadcrumb\"},\"inLanguage\":\"fr-FR\",\"potentialAction\":[{\"@type\":\"ReadAction\",\"target\":[\"https:\\\/\\\/kaweska.fr\\\/index.php\\\/annonce-bd-stage\\\/\"]}]},{\"@type\":\"BreadcrumbList\",\"@id\":\"https:\\\/\\\/kaweska.fr\\\/index.php\\\/annonce-bd-stage\\\/#breadcrumb\",\"itemListElement\":[{\"@type\":\"ListItem\",\"position\":1,\"name\":\"Accueil\",\"item\":\"https:\\\/\\\/kaweska.fr\\\/\"},{\"@type\":\"ListItem\",\"position\":2,\"name\":\"Annonce BD Stage\"}]},{\"@type\":\"WebSite\",\"@id\":\"https:\\\/\\\/kaweska.fr\\\/#website\",\"url\":\"https:\\\/\\\/kaweska.fr\\\/\",\"name\":\"KAWESKA\",\"description\":\"\",\"potentialAction\":[{\"@type\":\"SearchAction\",\"target\":{\"@type\":\"EntryPoint\",\"urlTemplate\":\"https:\\\/\\\/kaweska.fr\\\/?s={search_term_string}\"},\"query-input\":{\"@type\":\"PropertyValueSpecification\",\"valueRequired\":true,\"valueName\":\"search_term_string\"}}],\"inLanguage\":\"fr-FR\"}]}<\/script>\n<!-- \/ Yoast SEO plugin. -->","yoast_head_json":{"title":"Annonce BD Stage - KAWESKA","robots":{"index":"index","follow":"follow","max-snippet":"max-snippet:-1","max-image-preview":"max-image-preview:large","max-video-preview":"max-video-preview:-1"},"canonical":"https:\/\/kaweska.fr\/index.php\/annonce-bd-stage\/","og_locale":"fr_FR","og_type":"article","og_title":"Annonce BD Stage - KAWESKA","og_description":"OFFRE DE STAGE &#8211; OCTOBRE 2023 Business Developer H\/F (stage de fin [&hellip;]","og_url":"https:\/\/kaweska.fr\/index.php\/annonce-bd-stage\/","og_site_name":"KAWESKA","article_modified_time":"2023-10-05T16:03:17+00:00","twitter_card":"summary_large_image","twitter_misc":{"Dur\u00e9e de lecture estim\u00e9e":"2 minutes"},"schema":{"@context":"https:\/\/schema.org","@graph":[{"@type":"WebPage","@id":"https:\/\/kaweska.fr\/index.php\/annonce-bd-stage\/","url":"https:\/\/kaweska.fr\/index.php\/annonce-bd-stage\/","name":"Annonce BD Stage - KAWESKA","isPartOf":{"@id":"https:\/\/kaweska.fr\/#website"},"datePublished":"2023-10-05T14:01:54+00:00","dateModified":"2023-10-05T16:03:17+00:00","breadcrumb":{"@id":"https:\/\/kaweska.fr\/index.php\/annonce-bd-stage\/#breadcrumb"},"inLanguage":"fr-FR","potentialAction":[{"@type":"ReadAction","target":["https:\/\/kaweska.fr\/index.php\/annonce-bd-stage\/"]}]},{"@type":"BreadcrumbList","@id":"https:\/\/kaweska.fr\/index.php\/annonce-bd-stage\/#breadcrumb","itemListElement":[{"@type":"ListItem","position":1,"name":"Accueil","item":"https:\/\/kaweska.fr\/"},{"@type":"ListItem","position":2,"name":"Annonce BD Stage"}]},{"@type":"WebSite","@id":"https:\/\/kaweska.fr\/#website","url":"https:\/\/kaweska.fr\/","name":"KAWESKA","description":"","potentialAction":[{"@type":"SearchAction","target":{"@type":"EntryPoint","urlTemplate":"https:\/\/kaweska.fr\/?s={search_term_string}"},"query-input":{"@type":"PropertyValueSpecification","valueRequired":true,"valueName":"search_term_string"}}],"inLanguage":"fr-FR"}]}},"_links":{"self":[{"href":"https:\/\/kaweska.fr\/index.php\/wp-json\/wp\/v2\/pages\/7777","targetHints":{"allow":["GET"]}}],"collection":[{"href":"https:\/\/kaweska.fr\/index.php\/wp-json\/wp\/v2\/pages"}],"about":[{"href":"https:\/\/kaweska.fr\/index.php\/wp-json\/wp\/v2\/types\/page"}],"author":[{"embeddable":true,"href":"https:\/\/kaweska.fr\/index.php\/wp-json\/wp\/v2\/users\/2"}],"replies":[{"embeddable":true,"href":"https:\/\/kaweska.fr\/index.php\/wp-json\/wp\/v2\/comments?post=7777"}],"version-history":[{"count":0,"href":"https:\/\/kaweska.fr\/index.php\/wp-json\/wp\/v2\/pages\/7777\/revisions"}],"wp:attachment":[{"href":"https:\/\/kaweska.fr\/index.php\/wp-json\/wp\/v2\/media?parent=7777"}],"curies":[{"name":"wp","href":"https:\/\/api.w.org\/{rel}","templated":true}]}}