{"id":3279,"date":"2022-06-17T00:49:50","date_gmt":"2022-06-17T00:49:50","guid":{"rendered":"https:\/\/kaweska.fr\/?page_id=3279"},"modified":"2024-05-16T17:55:07","modified_gmt":"2024-05-16T17:55:07","slug":"les-kaweska","status":"publish","type":"page","link":"https:\/\/kaweska.fr\/index.php\/les-kaweska\/","title":{"rendered":"Les Kaweska"},"content":{"rendered":"\t\t<div data-elementor-type=\"wp-page\" data-elementor-id=\"3279\" class=\"elementor elementor-3279\">\n\t\t\t\t\t\t<div class=\"elementor-section elementor-top-section elementor-element elementor-element-4f466f4 elementor-section-full_width elementor-section-height-min-height elementor-section-content-middle elementor-section-stretched elementor-section-height-default elementor-section-items-middle\" data-id=\"4f466f4\" data-element_type=\"section\" data-e-type=\"section\" data-settings=\"{&quot;background_background&quot;:&quot;classic&quot;,&quot;stretch_section&quot;:&quot;section-stretched&quot;}\">\n\t\t\t\t\t\t\t<div class=\"elementor-background-overlay\"><\/div>\n\t\t\t\t\t\t\t<div class=\"elementor-container elementor-column-gap-no\">\n\t\t\t\t\t<div class=\"elementor-column elementor-col-100 elementor-top-column elementor-element elementor-element-be697ce\" data-id=\"be697ce\" data-element_type=\"column\" data-e-type=\"column\">\n\t\t\t<div class=\"elementor-widget-wrap elementor-element-populated\">\n\t\t\t\t\t\t<div class=\"elementor-element elementor-element-c23b542 elementor-widget elementor-widget-heading\" data-id=\"c23b542\" data-element_type=\"widget\" data-e-type=\"widget\" data-widget_type=\"heading.default\">\n\t\t\t\t<div class=\"elementor-widget-container\">\n\t\t\t\t\t<h1 class=\"elementor-heading-title elementor-size-default\">Les kaweska<\/h1>\t\t\t\t<\/div>\n\t\t\t\t<\/div>\n\t\t\t\t\t<\/div>\n\t\t<\/div>\n\t\t\t\t\t<\/div>\n\t\t<\/div>\n\t\t\t\t<div class=\"elementor-section elementor-top-section elementor-element elementor-element-a97afc8 elementor-section-boxed elementor-section-height-default elementor-section-height-default\" data-id=\"a97afc8\" data-element_type=\"section\" data-e-type=\"section\">\n\t\t\t\t\t\t<div class=\"elementor-container elementor-column-gap-default\">\n\t\t\t\t\t<div class=\"elementor-column elementor-col-100 elementor-top-column elementor-element elementor-element-50ab24d animated-slow elementor-invisible\" data-id=\"50ab24d\" data-element_type=\"column\" data-e-type=\"column\" data-settings=\"{&quot;animation&quot;:&quot;fadeIn&quot;,&quot;animation_delay&quot;:500}\">\n\t\t\t<div class=\"elementor-widget-wrap elementor-element-populated\">\n\t\t\t\t\t\t<div class=\"elementor-element elementor-element-20c2bdb elementor-widget elementor-widget-heading\" data-id=\"20c2bdb\" data-element_type=\"widget\" data-e-type=\"widget\" data-widget_type=\"heading.default\">\n\t\t\t\t<div class=\"elementor-widget-container\">\n\t\t\t\t\t<h3 class=\"elementor-heading-title elementor-size-default\">Des experts passionn\u00e9s<\/h3>\t\t\t\t<\/div>\n\t\t\t\t<\/div>\n\t\t\t\t\t<\/div>\n\t\t<\/div>\n\t\t\t\t\t<\/div>\n\t\t<\/div>\n\t\t\t\t<div class=\"elementor-section elementor-top-section elementor-element elementor-element-fcb8f08 animated-slow elementor-section-boxed elementor-section-height-default elementor-section-height-default\" data-id=\"fcb8f08\" data-element_type=\"section\" data-e-type=\"section\" data-settings=\"{&quot;animation&quot;:&quot;none&quot;,&quot;animation_delay&quot;:700}\">\n\t\t\t\t\t\t<div class=\"elementor-container elementor-column-gap-default\">\n\t\t\t\t\t<div class=\"elementor-column elementor-col-100 elementor-top-column elementor-element elementor-element-6ca150f animated-slow elementor-invisible\" data-id=\"6ca150f\" data-element_type=\"column\" data-e-type=\"column\" data-settings=\"{&quot;animation&quot;:&quot;fadeIn&quot;,&quot;animation_delay&quot;:700}\">\n\t\t\t<div class=\"elementor-widget-wrap elementor-element-populated\">\n\t\t\t\t\t\t<div class=\"elementor-element elementor-element-e0d260e elementor-widget elementor-widget-image\" data-id=\"e0d260e\" data-element_type=\"widget\" data-e-type=\"widget\" data-widget_type=\"image.default\">\n\t\t\t\t<div class=\"elementor-widget-container\">\n\t\t\t\t\t\t\t\t\t\t\t\t\t\t\t<img decoding=\"async\" src=\"https:\/\/kaweska.fr\/wp-content\/uploads\/2023\/06\/path234-4.png\" title=\"path234-4\" alt=\"path234-4\" loading=\"lazy\" \/>\t\t\t\t\t\t\t\t\t\t\t\t\t\t\t<\/div>\n\t\t\t\t<\/div>\n\t\t\t\t\t<\/div>\n\t\t<\/div>\n\t\t\t\t\t<\/div>\n\t\t<\/div>\n\t\t\t\t<div class=\"elementor-section elementor-top-section elementor-element elementor-element-939e6cb elementor-section-boxed elementor-section-height-default elementor-section-height-default\" data-id=\"939e6cb\" data-element_type=\"section\" data-e-type=\"section\">\n\t\t\t\t\t\t<div class=\"elementor-container elementor-column-gap-default\">\n\t\t\t\t\t<div class=\"elementor-column elementor-col-100 elementor-top-column elementor-element elementor-element-97a72d9 animated-slow elementor-invisible\" data-id=\"97a72d9\" data-element_type=\"column\" data-e-type=\"column\" data-settings=\"{&quot;animation&quot;:&quot;fadeIn&quot;,&quot;animation_delay&quot;:900}\">\n\t\t\t<div class=\"elementor-widget-wrap elementor-element-populated\">\n\t\t\t\t\t\t<div class=\"elementor-element elementor-element-13d5662 elementor-widget elementor-widget-text-editor\" data-id=\"13d5662\" data-element_type=\"widget\" data-e-type=\"widget\" data-widget_type=\"text-editor.default\">\n\t\t\t\t<div class=\"elementor-widget-container\">\n\t\t\t\t\t\t\t\t\t<p>Analystes, consultants, acheteurs conseil&#8230;<\/p>\n<p>Les kaweska forment une \u00e9quipe dynamique aux talents multiples et compl\u00e9mentaires. Explorateurs dans l\u2019\u00e2me, ils se distinguent par leur facult\u00e9 \u00e0 explorer des \u00ab&nbsp;sentiers vierges&nbsp;\u00bb \u00e0 la recherche des meilleures solutions.<\/p>\n<p>Quelles que soient nos expertises, nos comp\u00e9tences ou encore nos exp\u00e9riences, nous sommes chez Kaweska anim\u00e9s par une passion commune : notre m\u00e9tier !<\/p>\t\t\t\t\t\t\t\t<\/div>\n\t\t\t\t<\/div>\n\t\t\t\t\t<\/div>\n\t\t<\/div>\n\t\t\t\t\t<\/div>\n\t\t<\/div>\n\t\t\t\t<div class=\"elementor-section elementor-top-section elementor-element elementor-element-b723d45 elementor-section-boxed elementor-section-height-default elementor-section-height-default\" data-id=\"b723d45\" data-element_type=\"section\" data-e-type=\"section\">\n\t\t\t\t\t\t<div class=\"elementor-container elementor-column-gap-default\">\n\t\t\t\t\t<div class=\"elementor-column elementor-col-100 elementor-top-column elementor-element elementor-element-fa595ac\" data-id=\"fa595ac\" data-element_type=\"column\" data-e-type=\"column\">\n\t\t\t<div class=\"elementor-widget-wrap\">\n\t\t\t\t\t\t\t<\/div>\n\t\t<\/div>\n\t\t\t\t\t<\/div>\n\t\t<\/div>\n\t\t\t\t<div class=\"elementor-section elementor-top-section elementor-element elementor-element-68f85c8 elementor-section-full_width elementor-section-height-default elementor-section-height-default\" data-id=\"68f85c8\" data-element_type=\"section\" data-e-type=\"section\" data-settings=\"{&quot;background_background&quot;:&quot;classic&quot;}\">\n\t\t\t\t\t\t<div class=\"elementor-container elementor-column-gap-default\">\n\t\t\t\t\t<div class=\"elementor-column elementor-col-100 elementor-top-column elementor-element elementor-element-e35f4ad animated-slow elementor-invisible\" data-id=\"e35f4ad\" data-element_type=\"column\" data-e-type=\"column\" data-settings=\"{&quot;motion_fx_motion_fx_mouse&quot;:&quot;yes&quot;,&quot;animation&quot;:&quot;fadeIn&quot;,&quot;animation_delay&quot;:200}\">\n\t\t\t<div class=\"elementor-widget-wrap elementor-element-populated\">\n\t\t\t\t\t\t<div class=\"elementor-element elementor-element-dc77b02 elementor-widget elementor-widget-text-editor\" data-id=\"dc77b02\" data-element_type=\"widget\" data-e-type=\"widget\" data-widget_type=\"text-editor.default\">\n\t\t\t\t<div class=\"elementor-widget-container\">\n\t\t\t\t\t\t\t\t\t<p>Recette d&rsquo;une mission <strong><span style=\"color: #f97c6d;\">r\u00e9ussie !<\/span><\/strong><\/p>\t\t\t\t\t\t\t\t<\/div>\n\t\t\t\t<\/div>\n\t\t\t\t\t<\/div>\n\t\t<\/div>\n\t\t\t\t\t<\/div>\n\t\t<\/div>\n\t\t\t\t<div class=\"elementor-section elementor-top-section elementor-element elementor-element-300a2c0 elementor-section-full_width elementor-section-stretched elementor-section-height-default elementor-section-height-default\" data-id=\"300a2c0\" data-element_type=\"section\" data-e-type=\"section\" data-settings=\"{&quot;background_background&quot;:&quot;classic&quot;,&quot;stretch_section&quot;:&quot;section-stretched&quot;,&quot;background_motion_fx_motion_fx_scrolling&quot;:&quot;yes&quot;,&quot;background_motion_fx_translateY_effect&quot;:&quot;yes&quot;,&quot;background_motion_fx_translateY_speed&quot;:{&quot;unit&quot;:&quot;px&quot;,&quot;size&quot;:10,&quot;sizes&quot;:[]},&quot;background_motion_fx_translateY_affectedRange&quot;:{&quot;unit&quot;:&quot;%&quot;,&quot;size&quot;:&quot;&quot;,&quot;sizes&quot;:{&quot;start&quot;:0,&quot;end&quot;:100}},&quot;background_motion_fx_devices&quot;:[&quot;desktop&quot;,&quot;laptop&quot;,&quot;tablet&quot;,&quot;mobile_extra&quot;,&quot;mobile&quot;]}\">\n\t\t\t\t\t\t<div class=\"elementor-container elementor-column-gap-default\">\n\t\t\t\t\t<div class=\"elementor-column elementor-col-25 elementor-top-column elementor-element elementor-element-5130cfd\" data-id=\"5130cfd\" data-element_type=\"column\" data-e-type=\"column\">\n\t\t\t<div class=\"elementor-widget-wrap\">\n\t\t\t\t\t\t\t<\/div>\n\t\t<\/div>\n\t\t\t\t<div class=\"elementor-column elementor-col-50 elementor-top-column elementor-element elementor-element-e7837d0 animated-slow elementor-invisible\" data-id=\"e7837d0\" data-element_type=\"column\" data-e-type=\"column\" data-settings=\"{&quot;background_background&quot;:&quot;classic&quot;,&quot;animation&quot;:&quot;fadeIn&quot;}\">\n\t\t\t<div class=\"elementor-widget-wrap elementor-element-populated\">\n\t\t\t\t\t\t<div class=\"elementor-element elementor-element-2aeb293 elementor-widget elementor-widget-text-editor\" data-id=\"2aeb293\" data-element_type=\"widget\" data-e-type=\"widget\" data-widget_type=\"text-editor.default\">\n\t\t\t\t<div class=\"elementor-widget-container\">\n\t\t\t\t\t\t\t\t\t<p>Prenez une&nbsp;<strong><span style=\"color: #ff6f61;\">expertise pointue<\/span><\/strong>&nbsp;que vous associez \u00e0 une belle pi\u00e8ce d\u2019<strong><span style=\"color: #ff6f61;\">exp\u00e9rience<\/span><\/strong>&nbsp;et de&nbsp;<strong><span style=\"color: #ff6f61;\">connaissance march\u00e9.<\/span><\/strong><\/p>\n<p>Ajoutez une&nbsp; noix de&nbsp;<strong><span style=\"color: #ff6f61;\">rigueur analytique<\/span><\/strong>&nbsp;que vous faites revenir dans un fond de&nbsp;<strong><span style=\"color: #ff6f61;\">professionnalisme.<\/span><\/strong><\/p>\n<p>Agr\u00e9mentez le tout d\u2019une bonne dose de&nbsp;<strong><span style=\"color: #ff6f61;\">passion<\/span><\/strong> sans oublier bien entendu&#8230; l&rsquo;indispensable&nbsp;<span style=\"letter-spacing: 0px;\">zeste de&nbsp;<\/span><strong style=\"letter-spacing: 0px;\"><span style=\"color: #ff6f61;\">convivialit\u00e9 !<\/span><\/strong><\/p>\t\t\t\t\t\t\t\t<\/div>\n\t\t\t\t<\/div>\n\t\t\t\t\t<\/div>\n\t\t<\/div>\n\t\t\t\t<div class=\"elementor-column elementor-col-25 elementor-top-column elementor-element elementor-element-1ad35ba\" data-id=\"1ad35ba\" data-element_type=\"column\" data-e-type=\"column\">\n\t\t\t<div class=\"elementor-widget-wrap\">\n\t\t\t\t\t\t\t<\/div>\n\t\t<\/div>\n\t\t\t\t\t<\/div>\n\t\t<\/div>\n\t\t\t\t<div class=\"elementor-section elementor-top-section elementor-element elementor-element-75ca787 elementor-section-full_width elementor-section-stretched elementor-section-height-default elementor-section-height-default\" data-id=\"75ca787\" data-element_type=\"section\" data-e-type=\"section\" data-settings=\"{&quot;stretch_section&quot;:&quot;section-stretched&quot;}\">\n\t\t\t\t\t\t<div class=\"elementor-container elementor-column-gap-default\">\n\t\t\t\t\t<div class=\"elementor-column elementor-col-100 elementor-top-column elementor-element elementor-element-482adbb\" data-id=\"482adbb\" data-element_type=\"column\" data-e-type=\"column\">\n\t\t\t<div class=\"elementor-widget-wrap elementor-element-populated\">\n\t\t\t\t\t\t<div class=\"elementor-element elementor-element-c99a2ba animated-slow elementor-invisible elementor-widget elementor-widget-image\" data-id=\"c99a2ba\" data-element_type=\"widget\" data-e-type=\"widget\" data-settings=\"{&quot;motion_fx_motion_fx_scrolling&quot;:&quot;yes&quot;,&quot;_animation&quot;:&quot;fadeInUp&quot;,&quot;_animation_delay&quot;:700,&quot;motion_fx_devices&quot;:[&quot;desktop&quot;,&quot;laptop&quot;,&quot;tablet&quot;,&quot;mobile_extra&quot;,&quot;mobile&quot;]}\" data-widget_type=\"image.default\">\n\t\t\t\t<div class=\"elementor-widget-container\">\n\t\t\t\t\t\t\t\t\t\t\t\t\t\t\t<img fetchpriority=\"high\" decoding=\"async\" width=\"962\" height=\"400\" src=\"https:\/\/kaweska.fr\/wp-content\/uploads\/2022\/06\/Sans-titre-2.png\" class=\"attachment-full size-full wp-image-3288\" alt=\"\" \/>\t\t\t\t\t\t\t\t\t\t\t\t\t\t\t<\/div>\n\t\t\t\t<\/div>\n\t\t\t\t<div class=\"elementor-element elementor-element-fff3a85 elementor-align-center elementor-mobile-align-center elementor-invisible elementor-widget elementor-widget-button\" data-id=\"fff3a85\" data-element_type=\"widget\" data-e-type=\"widget\" data-settings=\"{&quot;_animation&quot;:&quot;fadeIn&quot;,&quot;_animation_delay&quot;:800}\" data-widget_type=\"button.default\">\n\t\t\t\t<div class=\"elementor-widget-container\">\n\t\t\t\t\t\t\t\t\t<div class=\"elementor-button-wrapper\">\n\t\t\t\t\t<a class=\"elementor-button elementor-button-link elementor-size-xs\" href=\"https:\/\/kaweska.fr\/index.php\/rejoindre-laventure\/\">\n\t\t\t\t\t\t<span class=\"elementor-button-content-wrapper\">\n\t\t\t\t\t\t\t\t\t<span class=\"elementor-button-text\">PAR ICI !<\/span>\n\t\t\t\t\t<\/span>\n\t\t\t\t\t<\/a>\n\t\t\t\t<\/div>\n\t\t\t\t\t\t\t\t<\/div>\n\t\t\t\t<\/div>\n\t\t\t\t\t<\/div>\n\t\t<\/div>\n\t\t\t\t\t<\/div>\n\t\t<\/div>\n\t\t\t\t<\/div>\n\t\t","protected":false},"excerpt":{"rendered":"<p>Les kaweska Des experts passionn\u00e9s Analystes, consultants, acheteurs conseil&#8230; Les kaweska forment [&hellip;]<\/p>\n","protected":false},"author":1,"featured_media":0,"parent":0,"menu_order":0,"comment_status":"closed","ping_status":"closed","template":"elementor_header_footer","meta":{"footnotes":""},"class_list":["post-3279","page","type-page","status-publish","hentry"],"yoast_head":"<!-- This site is optimized with the Yoast SEO plugin v27.4 - https:\/\/yoast.com\/product\/yoast-seo-wordpress\/ -->\n<title>Les Kaweska - KAWESKA<\/title>\n<meta name=\"robots\" content=\"index, follow, max-snippet:-1, max-image-preview:large, max-video-preview:-1\" \/>\n<link rel=\"canonical\" href=\"https:\/\/kaweska.fr\/index.php\/les-kaweska\/\" \/>\n<meta property=\"og:locale\" content=\"fr_FR\" \/>\n<meta property=\"og:type\" content=\"article\" \/>\n<meta property=\"og:title\" content=\"Les Kaweska - KAWESKA\" \/>\n<meta property=\"og:description\" content=\"Les kaweska Des experts passionn\u00e9s Analystes, consultants, acheteurs conseil&#8230; Les kaweska forment [&hellip;]\" \/>\n<meta property=\"og:url\" content=\"https:\/\/kaweska.fr\/index.php\/les-kaweska\/\" \/>\n<meta property=\"og:site_name\" content=\"KAWESKA\" \/>\n<meta property=\"article:modified_time\" content=\"2024-05-16T17:55:07+00:00\" \/>\n<meta property=\"og:image\" content=\"https:\/\/kaweska.fr\/wp-content\/uploads\/2023\/06\/path234-4.png\" \/>\n<meta name=\"twitter:card\" content=\"summary_large_image\" \/>\n<meta name=\"twitter:label1\" content=\"Dur\u00e9e de lecture estim\u00e9e\" \/>\n\t<meta name=\"twitter:data1\" content=\"1 minute\" \/>\n<script type=\"application\/ld+json\" class=\"yoast-schema-graph\">{\"@context\":\"https:\\\/\\\/schema.org\",\"@graph\":[{\"@type\":\"WebPage\",\"@id\":\"https:\\\/\\\/kaweska.fr\\\/index.php\\\/les-kaweska\\\/\",\"url\":\"https:\\\/\\\/kaweska.fr\\\/index.php\\\/les-kaweska\\\/\",\"name\":\"Les Kaweska - KAWESKA\",\"isPartOf\":{\"@id\":\"https:\\\/\\\/kaweska.fr\\\/#website\"},\"primaryImageOfPage\":{\"@id\":\"https:\\\/\\\/kaweska.fr\\\/index.php\\\/les-kaweska\\\/#primaryimage\"},\"image\":{\"@id\":\"https:\\\/\\\/kaweska.fr\\\/index.php\\\/les-kaweska\\\/#primaryimage\"},\"thumbnailUrl\":\"https:\\\/\\\/kaweska.fr\\\/wp-content\\\/uploads\\\/2023\\\/06\\\/path234-4.png\",\"datePublished\":\"2022-06-17T00:49:50+00:00\",\"dateModified\":\"2024-05-16T17:55:07+00:00\",\"breadcrumb\":{\"@id\":\"https:\\\/\\\/kaweska.fr\\\/index.php\\\/les-kaweska\\\/#breadcrumb\"},\"inLanguage\":\"fr-FR\",\"potentialAction\":[{\"@type\":\"ReadAction\",\"target\":[\"https:\\\/\\\/kaweska.fr\\\/index.php\\\/les-kaweska\\\/\"]}]},{\"@type\":\"ImageObject\",\"inLanguage\":\"fr-FR\",\"@id\":\"https:\\\/\\\/kaweska.fr\\\/index.php\\\/les-kaweska\\\/#primaryimage\",\"url\":\"https:\\\/\\\/kaweska.fr\\\/wp-content\\\/uploads\\\/2023\\\/06\\\/path234-4.png\",\"contentUrl\":\"https:\\\/\\\/kaweska.fr\\\/wp-content\\\/uploads\\\/2023\\\/06\\\/path234-4.png\",\"width\":320,\"height\":79},{\"@type\":\"BreadcrumbList\",\"@id\":\"https:\\\/\\\/kaweska.fr\\\/index.php\\\/les-kaweska\\\/#breadcrumb\",\"itemListElement\":[{\"@type\":\"ListItem\",\"position\":1,\"name\":\"Accueil\",\"item\":\"https:\\\/\\\/kaweska.fr\\\/\"},{\"@type\":\"ListItem\",\"position\":2,\"name\":\"Les Kaweska\"}]},{\"@type\":\"WebSite\",\"@id\":\"https:\\\/\\\/kaweska.fr\\\/#website\",\"url\":\"https:\\\/\\\/kaweska.fr\\\/\",\"name\":\"KAWESKA\",\"description\":\"\",\"potentialAction\":[{\"@type\":\"SearchAction\",\"target\":{\"@type\":\"EntryPoint\",\"urlTemplate\":\"https:\\\/\\\/kaweska.fr\\\/?s={search_term_string}\"},\"query-input\":{\"@type\":\"PropertyValueSpecification\",\"valueRequired\":true,\"valueName\":\"search_term_string\"}}],\"inLanguage\":\"fr-FR\"}]}<\/script>\n<!-- \/ Yoast SEO plugin. -->","yoast_head_json":{"title":"Les Kaweska - KAWESKA","robots":{"index":"index","follow":"follow","max-snippet":"max-snippet:-1","max-image-preview":"max-image-preview:large","max-video-preview":"max-video-preview:-1"},"canonical":"https:\/\/kaweska.fr\/index.php\/les-kaweska\/","og_locale":"fr_FR","og_type":"article","og_title":"Les Kaweska - KAWESKA","og_description":"Les kaweska Des experts passionn\u00e9s Analystes, consultants, acheteurs conseil&#8230; Les kaweska forment [&hellip;]","og_url":"https:\/\/kaweska.fr\/index.php\/les-kaweska\/","og_site_name":"KAWESKA","article_modified_time":"2024-05-16T17:55:07+00:00","og_image":[{"url":"https:\/\/kaweska.fr\/wp-content\/uploads\/2023\/06\/path234-4.png","type":"","width":"","height":""}],"twitter_card":"summary_large_image","twitter_misc":{"Dur\u00e9e de lecture estim\u00e9e":"1 minute"},"schema":{"@context":"https:\/\/schema.org","@graph":[{"@type":"WebPage","@id":"https:\/\/kaweska.fr\/index.php\/les-kaweska\/","url":"https:\/\/kaweska.fr\/index.php\/les-kaweska\/","name":"Les Kaweska - KAWESKA","isPartOf":{"@id":"https:\/\/kaweska.fr\/#website"},"primaryImageOfPage":{"@id":"https:\/\/kaweska.fr\/index.php\/les-kaweska\/#primaryimage"},"image":{"@id":"https:\/\/kaweska.fr\/index.php\/les-kaweska\/#primaryimage"},"thumbnailUrl":"https:\/\/kaweska.fr\/wp-content\/uploads\/2023\/06\/path234-4.png","datePublished":"2022-06-17T00:49:50+00:00","dateModified":"2024-05-16T17:55:07+00:00","breadcrumb":{"@id":"https:\/\/kaweska.fr\/index.php\/les-kaweska\/#breadcrumb"},"inLanguage":"fr-FR","potentialAction":[{"@type":"ReadAction","target":["https:\/\/kaweska.fr\/index.php\/les-kaweska\/"]}]},{"@type":"ImageObject","inLanguage":"fr-FR","@id":"https:\/\/kaweska.fr\/index.php\/les-kaweska\/#primaryimage","url":"https:\/\/kaweska.fr\/wp-content\/uploads\/2023\/06\/path234-4.png","contentUrl":"https:\/\/kaweska.fr\/wp-content\/uploads\/2023\/06\/path234-4.png","width":320,"height":79},{"@type":"BreadcrumbList","@id":"https:\/\/kaweska.fr\/index.php\/les-kaweska\/#breadcrumb","itemListElement":[{"@type":"ListItem","position":1,"name":"Accueil","item":"https:\/\/kaweska.fr\/"},{"@type":"ListItem","position":2,"name":"Les Kaweska"}]},{"@type":"WebSite","@id":"https:\/\/kaweska.fr\/#website","url":"https:\/\/kaweska.fr\/","name":"KAWESKA","description":"","potentialAction":[{"@type":"SearchAction","target":{"@type":"EntryPoint","urlTemplate":"https:\/\/kaweska.fr\/?s={search_term_string}"},"query-input":{"@type":"PropertyValueSpecification","valueRequired":true,"valueName":"search_term_string"}}],"inLanguage":"fr-FR"}]}},"_links":{"self":[{"href":"https:\/\/kaweska.fr\/index.php\/wp-json\/wp\/v2\/pages\/3279","targetHints":{"allow":["GET"]}}],"collection":[{"href":"https:\/\/kaweska.fr\/index.php\/wp-json\/wp\/v2\/pages"}],"about":[{"href":"https:\/\/kaweska.fr\/index.php\/wp-json\/wp\/v2\/types\/page"}],"author":[{"embeddable":true,"href":"https:\/\/kaweska.fr\/index.php\/wp-json\/wp\/v2\/users\/1"}],"replies":[{"embeddable":true,"href":"https:\/\/kaweska.fr\/index.php\/wp-json\/wp\/v2\/comments?post=3279"}],"version-history":[{"count":27,"href":"https:\/\/kaweska.fr\/index.php\/wp-json\/wp\/v2\/pages\/3279\/revisions"}],"predecessor-version":[{"id":8418,"href":"https:\/\/kaweska.fr\/index.php\/wp-json\/wp\/v2\/pages\/3279\/revisions\/8418"}],"wp:attachment":[{"href":"https:\/\/kaweska.fr\/index.php\/wp-json\/wp\/v2\/media?parent=3279"}],"curies":[{"name":"wp","href":"https:\/\/api.w.org\/{rel}","templated":true}]}}