{"id":1600,"date":"2020-10-31T03:37:17","date_gmt":"2020-10-31T03:37:17","guid":{"rendered":"https:\/\/fennik.la-studioweb.com\/?page_id=1600"},"modified":"2024-05-16T18:10:04","modified_gmt":"2024-05-16T18:10:04","slug":"cotisations-charges","status":"publish","type":"page","link":"https:\/\/kaweska.fr\/index.php\/cotisations-charges\/","title":{"rendered":"Cotisations &#038; charges"},"content":{"rendered":"\t\t<div data-elementor-type=\"wp-page\" data-elementor-id=\"1600\" class=\"elementor elementor-1600\">\n\t\t\t\t\t\t<div class=\"elementor-section elementor-top-section elementor-element elementor-element-0d6f687 elementor-section-full_width elementor-section-height-min-height elementor-section-content-middle elementor-section-stretched elementor-section-height-default elementor-section-items-middle\" data-id=\"0d6f687\" data-element_type=\"section\" data-e-type=\"section\" data-settings=\"{&quot;background_background&quot;:&quot;classic&quot;,&quot;stretch_section&quot;:&quot;section-stretched&quot;}\">\n\t\t\t\t\t\t\t<div class=\"elementor-background-overlay\"><\/div>\n\t\t\t\t\t\t\t<div class=\"elementor-container elementor-column-gap-no\">\n\t\t\t\t\t<div class=\"elementor-column elementor-col-100 elementor-top-column elementor-element elementor-element-93f1b1f\" data-id=\"93f1b1f\" data-element_type=\"column\" data-e-type=\"column\">\n\t\t\t<div class=\"elementor-widget-wrap elementor-element-populated\">\n\t\t\t\t\t\t<div class=\"elementor-element elementor-element-a4dc813 elementor-widget elementor-widget-heading\" data-id=\"a4dc813\" data-element_type=\"widget\" data-e-type=\"widget\" data-widget_type=\"heading.default\">\n\t\t\t\t<div class=\"elementor-widget-container\">\n\t\t\t\t\t<h1 class=\"elementor-heading-title elementor-size-default\">Cotisations &amp; charges<\/h1>\t\t\t\t<\/div>\n\t\t\t\t<\/div>\n\t\t\t\t\t<\/div>\n\t\t<\/div>\n\t\t\t\t\t<\/div>\n\t\t<\/div>\n\t\t\t\t<div class=\"elementor-section elementor-top-section elementor-element elementor-element-645cec7 animated-slow elementor-section-boxed elementor-section-height-default elementor-section-height-default\" data-id=\"645cec7\" data-element_type=\"section\" data-e-type=\"section\" data-settings=\"{&quot;background_background&quot;:&quot;classic&quot;,&quot;animation&quot;:&quot;none&quot;,&quot;animation_delay&quot;:0}\">\n\t\t\t\t\t\t\t<div class=\"elementor-background-overlay\"><\/div>\n\t\t\t\t\t\t\t<div class=\"elementor-container elementor-column-gap-default\">\n\t\t\t\t\t<div class=\"elementor-column elementor-col-66 elementor-top-column elementor-element elementor-element-a8424e6 animated-slow elementor-invisible\" data-id=\"a8424e6\" data-element_type=\"column\" data-e-type=\"column\" data-settings=\"{&quot;motion_fx_motion_fx_mouse&quot;:&quot;yes&quot;,&quot;animation&quot;:&quot;zoomIn&quot;}\">\n\t\t\t<div class=\"elementor-widget-wrap elementor-element-populated\">\n\t\t\t\t\t\t<div class=\"elementor-element elementor-element-355aadf elementor-widget elementor-widget-text-editor\" data-id=\"355aadf\" data-element_type=\"widget\" data-e-type=\"widget\" data-widget_type=\"text-editor.default\">\n\t\t\t\t<div class=\"elementor-widget-container\">\n\t\t\t\t\t\t\t\t\t<p>Optimisez les cotisations associ\u00e9es aux lieux d&rsquo;activit\u00e9 de vos \u00e9quipes<\/p>\t\t\t\t\t\t\t\t<\/div>\n\t\t\t\t<\/div>\n\t\t\t\t\t<\/div>\n\t\t<\/div>\n\t\t\t\t<div class=\"elementor-column elementor-col-33 elementor-top-column elementor-element elementor-element-be37104 animated-slow elementor-invisible\" data-id=\"be37104\" data-element_type=\"column\" data-e-type=\"column\" data-settings=\"{&quot;background_background&quot;:&quot;classic&quot;,&quot;motion_fx_motion_fx_mouse&quot;:&quot;yes&quot;,&quot;animation&quot;:&quot;zoomIn&quot;,&quot;animation_delay&quot;:400}\">\n\t\t\t<div class=\"elementor-widget-wrap elementor-element-populated\">\n\t\t\t\t\t\t<div class=\"elementor-element elementor-element-677b05d elementor-widget elementor-widget-image\" data-id=\"677b05d\" data-element_type=\"widget\" data-e-type=\"widget\" data-widget_type=\"image.default\">\n\t\t\t\t<div class=\"elementor-widget-container\">\n\t\t\t\t\t\t\t\t\t\t\t\t\t\t\t<img decoding=\"async\" width=\"168\" height=\"152\" src=\"https:\/\/kaweska.fr\/wp-content\/uploads\/2023\/06\/guillemet-blanc-rond-haut.svg\" class=\"attachment-large size-large wp-image-5933\" alt=\"\" \/>\t\t\t\t\t\t\t\t\t\t\t\t\t\t\t<\/div>\n\t\t\t\t<\/div>\n\t\t\t\t\t<\/div>\n\t\t<\/div>\n\t\t\t\t\t<\/div>\n\t\t<\/div>\n\t\t\t\t<div class=\"elementor-section elementor-top-section elementor-element elementor-element-7fc3459 elementor-section-boxed elementor-section-height-default elementor-section-height-default\" data-id=\"7fc3459\" data-element_type=\"section\" data-e-type=\"section\">\n\t\t\t\t\t\t<div class=\"elementor-container elementor-column-gap-default\">\n\t\t\t\t\t<div class=\"elementor-column elementor-col-100 elementor-top-column elementor-element elementor-element-bd83546\" data-id=\"bd83546\" data-element_type=\"column\" data-e-type=\"column\">\n\t\t\t<div class=\"elementor-widget-wrap elementor-element-populated\">\n\t\t\t\t\t\t<div class=\"elementor-element elementor-element-d840d43 elementor-widget elementor-widget-heading\" data-id=\"d840d43\" data-element_type=\"widget\" data-e-type=\"widget\" data-widget_type=\"heading.default\">\n\t\t\t\t<div class=\"elementor-widget-container\">\n\t\t\t\t\t<h2 class=\"elementor-heading-title elementor-size-default\">B\u00e9n\u00e9ficez <br> d'all\u00e8gements<\/h2>\t\t\t\t<\/div>\n\t\t\t\t<\/div>\n\t\t\t\t<div class=\"elementor-element elementor-element-6daf721 elementor-widget-divider--view-line elementor-widget elementor-widget-divider\" data-id=\"6daf721\" data-element_type=\"widget\" data-e-type=\"widget\" data-widget_type=\"divider.default\">\n\t\t\t\t<div class=\"elementor-widget-container\">\n\t\t\t\t\t\t\t<div class=\"elementor-divider\">\n\t\t\t<span class=\"elementor-divider-separator\">\n\t\t\t\t\t\t<\/span>\n\t\t<\/div>\n\t\t\t\t\t\t<\/div>\n\t\t\t\t<\/div>\n\t\t\t\t\t<\/div>\n\t\t<\/div>\n\t\t\t\t\t<\/div>\n\t\t<\/div>\n\t\t\t\t<div class=\"elementor-section elementor-top-section elementor-element elementor-element-0d70251 elementor-section-content-middle elementor-section-full_width elementor-section-height-default elementor-section-height-default\" data-id=\"0d70251\" data-element_type=\"section\" data-e-type=\"section\">\n\t\t\t\t\t\t<div class=\"elementor-container elementor-column-gap-default\">\n\t\t\t\t\t<div class=\"elementor-column elementor-col-50 elementor-top-column elementor-element elementor-element-45271a6\" data-id=\"45271a6\" data-element_type=\"column\" data-e-type=\"column\">\n\t\t\t<div class=\"elementor-widget-wrap elementor-element-populated\">\n\t\t\t\t\t\t<div class=\"elementor-element elementor-element-068c9a5 elementor-widget elementor-widget-image\" data-id=\"068c9a5\" data-element_type=\"widget\" data-e-type=\"widget\" data-widget_type=\"image.default\">\n\t\t\t\t<div class=\"elementor-widget-container\">\n\t\t\t\t\t\t\t\t\t\t\t\t\t\t\t<img fetchpriority=\"high\" decoding=\"async\" width=\"1600\" height=\"1066\" src=\"https:\/\/kaweska.fr\/wp-content\/uploads\/2022\/06\/wkSZV4NQ.jpeg\" class=\"attachment-full size-full wp-image-3191\" alt=\"\" srcset=\"https:\/\/kaweska.fr\/wp-content\/uploads\/2022\/06\/wkSZV4NQ.jpeg 1600w, https:\/\/kaweska.fr\/wp-content\/uploads\/2022\/06\/wkSZV4NQ-1536x1023.jpeg 1536w\" sizes=\"(max-width: 1600px) 100vw, 1600px\" \/>\t\t\t\t\t\t\t\t\t\t\t\t\t\t\t<\/div>\n\t\t\t\t<\/div>\n\t\t\t\t\t<\/div>\n\t\t<\/div>\n\t\t\t\t<div class=\"elementor-column elementor-col-50 elementor-top-column elementor-element elementor-element-204b70d\" data-id=\"204b70d\" data-element_type=\"column\" data-e-type=\"column\">\n\t\t\t<div class=\"elementor-widget-wrap elementor-element-populated\">\n\t\t\t\t\t\t<div class=\"elementor-element elementor-element-89006a5 elementor-widget elementor-widget-heading\" data-id=\"89006a5\" data-element_type=\"widget\" data-e-type=\"widget\" data-widget_type=\"heading.default\">\n\t\t\t\t<div class=\"elementor-widget-container\">\n\t\t\t\t\t<h2 class=\"elementor-heading-title elementor-size-default\">Cotisations d\u2019entreprise\n<\/h2>\t\t\t\t<\/div>\n\t\t\t\t<\/div>\n\t\t\t\t<div class=\"elementor-element elementor-element-f5ecd08 elementor-widget elementor-widget-text-editor\" data-id=\"f5ecd08\" data-element_type=\"widget\" data-e-type=\"widget\" data-widget_type=\"text-editor.default\">\n\t\t\t\t<div class=\"elementor-widget-container\">\n\t\t\t\t\t\t\t\t\t<p>Selon leur profil, leurs implantations et lieux de travail de leurs collaborateurs, les entreprises ne sont pas toutes soumises aux m\u00eames cotisations et taxes. Certaines peuvent m\u00eame b\u00e9n\u00e9ficier de dispositifs d\u2019all\u00e8gement de leurs charges sociales, d\u2019exon\u00e9rations de cotisations et d\u2019autres avantages sociaux et fiscaux.<\/p><p>Nos experts passent au crible vos donn\u00e9es, v\u00e9rifient certaines de vos cotisations et mettent en \u00e9vidence les mesures et dispositifs g\u00e9n\u00e9rateurs d\u2019\u00e9conomies auxquels peut pr\u00e9tendre votre entreprise.<\/p>\t\t\t\t\t\t\t\t<\/div>\n\t\t\t\t<\/div>\n\t\t\t\t\t<\/div>\n\t\t<\/div>\n\t\t\t\t\t<\/div>\n\t\t<\/div>\n\t\t\t\t<div class=\"elementor-section elementor-top-section elementor-element elementor-element-b8236f0 elementor-section-content-middle elementor-section-full_width elementor-reverse-mobile_extra elementor-reverse-mobile elementor-section-height-default elementor-section-height-default\" data-id=\"b8236f0\" data-element_type=\"section\" data-e-type=\"section\">\n\t\t\t\t\t\t<div class=\"elementor-container elementor-column-gap-default\">\n\t\t\t\t\t<div class=\"elementor-column elementor-col-50 elementor-top-column elementor-element elementor-element-89e9ab0\" data-id=\"89e9ab0\" data-element_type=\"column\" data-e-type=\"column\">\n\t\t\t<div class=\"elementor-widget-wrap elementor-element-populated\">\n\t\t\t\t\t\t<div class=\"elementor-element elementor-element-32ce340 elementor-widget elementor-widget-heading\" data-id=\"32ce340\" data-element_type=\"widget\" data-e-type=\"widget\" data-widget_type=\"heading.default\">\n\t\t\t\t<div class=\"elementor-widget-container\">\n\t\t\t\t\t<h2 class=\"elementor-heading-title elementor-size-default\">Autres charges\n<\/h2>\t\t\t\t<\/div>\n\t\t\t\t<\/div>\n\t\t\t\t<div class=\"elementor-element elementor-element-b0e0861 elementor-widget elementor-widget-text-editor\" data-id=\"b0e0861\" data-element_type=\"widget\" data-e-type=\"widget\" data-widget_type=\"text-editor.default\">\n\t\t\t\t<div class=\"elementor-widget-container\">\n\t\t\t\t\t\t\t\t\t<p>Les nouveaux choix d\u2019organisation et nouvelles solutions de travail redistribuent les cartes des frais de fonctionnement et d\u2019activit\u00e9 des entreprises. Outre les d\u00e9penses locatives, ces choix impactent d\u2019autres postes de co\u00fbts indirects qui occupent une place non n\u00e9gligeable dans le budget des entreprises : d\u00e9penses d\u2019\u00e9nergie et d\u2019entretien, frais de mobilit\u00e9 et de d\u00e9placements, \u00e9quipements de solutions digitales\u2026<\/p><p><span style=\"background-color: var(--theme-body-bg-color);\">Nos \u00e9quipes vous \u00e9clairent sur ces d\u00e9penses annexes et vous aident \u00e0 reconstituer les bonnes \u00e9quations \u00e9conomiques en vue de faciliter vos prises de d\u00e9cisions.<\/span><\/p>\t\t\t\t\t\t\t\t<\/div>\n\t\t\t\t<\/div>\n\t\t\t\t\t<\/div>\n\t\t<\/div>\n\t\t\t\t<div class=\"elementor-column elementor-col-50 elementor-top-column elementor-element elementor-element-0ef4c51\" data-id=\"0ef4c51\" data-element_type=\"column\" data-e-type=\"column\">\n\t\t\t<div class=\"elementor-widget-wrap elementor-element-populated\">\n\t\t\t\t\t\t<div class=\"elementor-element elementor-element-73e6de2 elementor-widget elementor-widget-image\" data-id=\"73e6de2\" data-element_type=\"widget\" data-e-type=\"widget\" data-widget_type=\"image.default\">\n\t\t\t\t<div class=\"elementor-widget-container\">\n\t\t\t\t\t\t\t\t\t\t\t\t\t\t\t<img decoding=\"async\" width=\"1600\" height=\"1127\" src=\"https:\/\/kaweska.fr\/wp-content\/uploads\/2022\/06\/0mj1RSzU.jpeg\" class=\"attachment-full size-full wp-image-3192\" alt=\"\" srcset=\"https:\/\/kaweska.fr\/wp-content\/uploads\/2022\/06\/0mj1RSzU.jpeg 1600w, https:\/\/kaweska.fr\/wp-content\/uploads\/2022\/06\/0mj1RSzU-1536x1082.jpeg 1536w\" sizes=\"(max-width: 1600px) 100vw, 1600px\" \/>\t\t\t\t\t\t\t\t\t\t\t\t\t\t\t<\/div>\n\t\t\t\t<\/div>\n\t\t\t\t\t<\/div>\n\t\t<\/div>\n\t\t\t\t\t<\/div>\n\t\t<\/div>\n\t\t\t\t<div class=\"elementor-section elementor-top-section elementor-element elementor-element-f8181b9 elementor-section-full_width elementor-section-height-min-height elementor-section-stretched elementor-section-height-default elementor-section-items-middle\" data-id=\"f8181b9\" data-element_type=\"section\" data-e-type=\"section\" data-settings=\"{&quot;stretch_section&quot;:&quot;section-stretched&quot;,&quot;background_background&quot;:&quot;classic&quot;}\">\n\t\t\t\t\t\t<div class=\"elementor-container elementor-column-gap-default\">\n\t\t\t\t\t<div class=\"elementor-column elementor-col-100 elementor-top-column elementor-element elementor-element-6449466\" data-id=\"6449466\" data-element_type=\"column\" data-e-type=\"column\">\n\t\t\t<div class=\"elementor-widget-wrap elementor-element-populated\">\n\t\t\t\t\t\t<div class=\"elementor-element elementor-element-0013b53 elementor-widget elementor-widget-heading\" data-id=\"0013b53\" data-element_type=\"widget\" data-e-type=\"widget\" data-widget_type=\"heading.default\">\n\t\t\t\t<div class=\"elementor-widget-container\">\n\t\t\t\t\t<h2 class=\"elementor-heading-title elementor-size-default\">Un \u00e9clairage compl\u00e9mentaire ?\n\n\n<\/h2>\t\t\t\t<\/div>\n\t\t\t\t<\/div>\n\t\t\t\t<div class=\"elementor-element elementor-element-3f080ab elementor-align-center elementor-mobile-align-center elementor-widget elementor-widget-button\" data-id=\"3f080ab\" data-element_type=\"widget\" data-e-type=\"widget\" data-widget_type=\"button.default\">\n\t\t\t\t<div class=\"elementor-widget-container\">\n\t\t\t\t\t\t\t\t\t<div class=\"elementor-button-wrapper\">\n\t\t\t\t\t<a class=\"elementor-button elementor-button-link elementor-size-xs\" href=\"https:\/\/kaweska.fr\/index.php\/contact\/\">\n\t\t\t\t\t\t<span class=\"elementor-button-content-wrapper\">\n\t\t\t\t\t\t\t\t\t<span class=\"elementor-button-text\">SOLLICITEZ-NOUS !<\/span>\n\t\t\t\t\t<\/span>\n\t\t\t\t\t<\/a>\n\t\t\t\t<\/div>\n\t\t\t\t\t\t\t\t<\/div>\n\t\t\t\t<\/div>\n\t\t\t\t\t<\/div>\n\t\t<\/div>\n\t\t\t\t\t<\/div>\n\t\t<\/div>\n\t\t\t\t<\/div>\n\t\t","protected":false},"excerpt":{"rendered":"<p>Cotisations &amp; charges Optimisez les cotisations associ\u00e9es aux lieux d&rsquo;activit\u00e9 de vos [&hellip;]<\/p>\n","protected":false},"author":1,"featured_media":0,"parent":0,"menu_order":0,"comment_status":"closed","ping_status":"closed","template":"","meta":{"footnotes":""},"class_list":["post-1600","page","type-page","status-publish","hentry"],"yoast_head":"<!-- This site is optimized with the Yoast SEO plugin v27.4 - https:\/\/yoast.com\/product\/yoast-seo-wordpress\/ -->\n<title>Cotisations &amp; charges - KAWESKA<\/title>\n<meta name=\"description\" content=\"Les experts Kaweska aident le entreprises \u00e0 optimiser leurs cotisations et charges en fonction de leurs implantations et lieux d&#039;activit\u00e9.\" \/>\n<meta name=\"robots\" content=\"index, follow, max-snippet:-1, max-image-preview:large, max-video-preview:-1\" \/>\n<link rel=\"canonical\" href=\"https:\/\/kaweska.fr\/index.php\/cotisations-charges\/\" \/>\n<meta property=\"og:locale\" content=\"fr_FR\" \/>\n<meta property=\"og:type\" content=\"article\" \/>\n<meta property=\"og:title\" content=\"Cotisations &amp; charges - KAWESKA\" \/>\n<meta property=\"og:description\" content=\"Les experts Kaweska aident le entreprises \u00e0 optimiser leurs cotisations et charges en fonction de leurs implantations et lieux d&#039;activit\u00e9.\" \/>\n<meta property=\"og:url\" content=\"https:\/\/kaweska.fr\/index.php\/cotisations-charges\/\" \/>\n<meta property=\"og:site_name\" content=\"KAWESKA\" \/>\n<meta property=\"article:modified_time\" content=\"2024-05-16T18:10:04+00:00\" \/>\n<meta property=\"og:image\" content=\"https:\/\/kaweska.fr\/wp-content\/uploads\/2023\/06\/guillemet-blanc-rond-haut.svg\" \/>\n<meta name=\"twitter:card\" content=\"summary_large_image\" \/>\n<meta name=\"twitter:label1\" content=\"Dur\u00e9e de lecture estim\u00e9e\" \/>\n\t<meta name=\"twitter:data1\" content=\"2 minutes\" \/>\n<script type=\"application\/ld+json\" class=\"yoast-schema-graph\">{\"@context\":\"https:\\\/\\\/schema.org\",\"@graph\":[{\"@type\":\"WebPage\",\"@id\":\"https:\\\/\\\/kaweska.fr\\\/index.php\\\/cotisations-charges\\\/\",\"url\":\"https:\\\/\\\/kaweska.fr\\\/index.php\\\/cotisations-charges\\\/\",\"name\":\"Cotisations & charges - KAWESKA\",\"isPartOf\":{\"@id\":\"https:\\\/\\\/kaweska.fr\\\/#website\"},\"primaryImageOfPage\":{\"@id\":\"https:\\\/\\\/kaweska.fr\\\/index.php\\\/cotisations-charges\\\/#primaryimage\"},\"image\":{\"@id\":\"https:\\\/\\\/kaweska.fr\\\/index.php\\\/cotisations-charges\\\/#primaryimage\"},\"thumbnailUrl\":\"https:\\\/\\\/kaweska.fr\\\/wp-content\\\/uploads\\\/2023\\\/06\\\/guillemet-blanc-rond-haut.svg\",\"datePublished\":\"2020-10-31T03:37:17+00:00\",\"dateModified\":\"2024-05-16T18:10:04+00:00\",\"description\":\"Les experts Kaweska aident le entreprises \u00e0 optimiser leurs cotisations et charges en fonction de leurs implantations et lieux d'activit\u00e9.\",\"breadcrumb\":{\"@id\":\"https:\\\/\\\/kaweska.fr\\\/index.php\\\/cotisations-charges\\\/#breadcrumb\"},\"inLanguage\":\"fr-FR\",\"potentialAction\":[{\"@type\":\"ReadAction\",\"target\":[\"https:\\\/\\\/kaweska.fr\\\/index.php\\\/cotisations-charges\\\/\"]}]},{\"@type\":\"ImageObject\",\"inLanguage\":\"fr-FR\",\"@id\":\"https:\\\/\\\/kaweska.fr\\\/index.php\\\/cotisations-charges\\\/#primaryimage\",\"url\":\"https:\\\/\\\/kaweska.fr\\\/wp-content\\\/uploads\\\/2023\\\/06\\\/guillemet-blanc-rond-haut.svg\",\"contentUrl\":\"https:\\\/\\\/kaweska.fr\\\/wp-content\\\/uploads\\\/2023\\\/06\\\/guillemet-blanc-rond-haut.svg\",\"width\":168,\"height\":152},{\"@type\":\"BreadcrumbList\",\"@id\":\"https:\\\/\\\/kaweska.fr\\\/index.php\\\/cotisations-charges\\\/#breadcrumb\",\"itemListElement\":[{\"@type\":\"ListItem\",\"position\":1,\"name\":\"Accueil\",\"item\":\"https:\\\/\\\/kaweska.fr\\\/\"},{\"@type\":\"ListItem\",\"position\":2,\"name\":\"Cotisations &#038; charges\"}]},{\"@type\":\"WebSite\",\"@id\":\"https:\\\/\\\/kaweska.fr\\\/#website\",\"url\":\"https:\\\/\\\/kaweska.fr\\\/\",\"name\":\"KAWESKA\",\"description\":\"\",\"potentialAction\":[{\"@type\":\"SearchAction\",\"target\":{\"@type\":\"EntryPoint\",\"urlTemplate\":\"https:\\\/\\\/kaweska.fr\\\/?s={search_term_string}\"},\"query-input\":{\"@type\":\"PropertyValueSpecification\",\"valueRequired\":true,\"valueName\":\"search_term_string\"}}],\"inLanguage\":\"fr-FR\"}]}<\/script>\n<!-- \/ Yoast SEO plugin. -->","yoast_head_json":{"title":"Cotisations & charges - KAWESKA","description":"Les experts Kaweska aident le entreprises \u00e0 optimiser leurs cotisations et charges en fonction de leurs implantations et lieux d'activit\u00e9.","robots":{"index":"index","follow":"follow","max-snippet":"max-snippet:-1","max-image-preview":"max-image-preview:large","max-video-preview":"max-video-preview:-1"},"canonical":"https:\/\/kaweska.fr\/index.php\/cotisations-charges\/","og_locale":"fr_FR","og_type":"article","og_title":"Cotisations & charges - KAWESKA","og_description":"Les experts Kaweska aident le entreprises \u00e0 optimiser leurs cotisations et charges en fonction de leurs implantations et lieux d'activit\u00e9.","og_url":"https:\/\/kaweska.fr\/index.php\/cotisations-charges\/","og_site_name":"KAWESKA","article_modified_time":"2024-05-16T18:10:04+00:00","og_image":[{"url":"https:\/\/kaweska.fr\/wp-content\/uploads\/2023\/06\/guillemet-blanc-rond-haut.svg","type":"","width":"","height":""}],"twitter_card":"summary_large_image","twitter_misc":{"Dur\u00e9e de lecture estim\u00e9e":"2 minutes"},"schema":{"@context":"https:\/\/schema.org","@graph":[{"@type":"WebPage","@id":"https:\/\/kaweska.fr\/index.php\/cotisations-charges\/","url":"https:\/\/kaweska.fr\/index.php\/cotisations-charges\/","name":"Cotisations & charges - KAWESKA","isPartOf":{"@id":"https:\/\/kaweska.fr\/#website"},"primaryImageOfPage":{"@id":"https:\/\/kaweska.fr\/index.php\/cotisations-charges\/#primaryimage"},"image":{"@id":"https:\/\/kaweska.fr\/index.php\/cotisations-charges\/#primaryimage"},"thumbnailUrl":"https:\/\/kaweska.fr\/wp-content\/uploads\/2023\/06\/guillemet-blanc-rond-haut.svg","datePublished":"2020-10-31T03:37:17+00:00","dateModified":"2024-05-16T18:10:04+00:00","description":"Les experts Kaweska aident le entreprises \u00e0 optimiser leurs cotisations et charges en fonction de leurs implantations et lieux d'activit\u00e9.","breadcrumb":{"@id":"https:\/\/kaweska.fr\/index.php\/cotisations-charges\/#breadcrumb"},"inLanguage":"fr-FR","potentialAction":[{"@type":"ReadAction","target":["https:\/\/kaweska.fr\/index.php\/cotisations-charges\/"]}]},{"@type":"ImageObject","inLanguage":"fr-FR","@id":"https:\/\/kaweska.fr\/index.php\/cotisations-charges\/#primaryimage","url":"https:\/\/kaweska.fr\/wp-content\/uploads\/2023\/06\/guillemet-blanc-rond-haut.svg","contentUrl":"https:\/\/kaweska.fr\/wp-content\/uploads\/2023\/06\/guillemet-blanc-rond-haut.svg","width":168,"height":152},{"@type":"BreadcrumbList","@id":"https:\/\/kaweska.fr\/index.php\/cotisations-charges\/#breadcrumb","itemListElement":[{"@type":"ListItem","position":1,"name":"Accueil","item":"https:\/\/kaweska.fr\/"},{"@type":"ListItem","position":2,"name":"Cotisations &#038; charges"}]},{"@type":"WebSite","@id":"https:\/\/kaweska.fr\/#website","url":"https:\/\/kaweska.fr\/","name":"KAWESKA","description":"","potentialAction":[{"@type":"SearchAction","target":{"@type":"EntryPoint","urlTemplate":"https:\/\/kaweska.fr\/?s={search_term_string}"},"query-input":{"@type":"PropertyValueSpecification","valueRequired":true,"valueName":"search_term_string"}}],"inLanguage":"fr-FR"}]}},"_links":{"self":[{"href":"https:\/\/kaweska.fr\/index.php\/wp-json\/wp\/v2\/pages\/1600","targetHints":{"allow":["GET"]}}],"collection":[{"href":"https:\/\/kaweska.fr\/index.php\/wp-json\/wp\/v2\/pages"}],"about":[{"href":"https:\/\/kaweska.fr\/index.php\/wp-json\/wp\/v2\/types\/page"}],"author":[{"embeddable":true,"href":"https:\/\/kaweska.fr\/index.php\/wp-json\/wp\/v2\/users\/1"}],"replies":[{"embeddable":true,"href":"https:\/\/kaweska.fr\/index.php\/wp-json\/wp\/v2\/comments?post=1600"}],"version-history":[{"count":14,"href":"https:\/\/kaweska.fr\/index.php\/wp-json\/wp\/v2\/pages\/1600\/revisions"}],"predecessor-version":[{"id":8436,"href":"https:\/\/kaweska.fr\/index.php\/wp-json\/wp\/v2\/pages\/1600\/revisions\/8436"}],"wp:attachment":[{"href":"https:\/\/kaweska.fr\/index.php\/wp-json\/wp\/v2\/media?parent=1600"}],"curies":[{"name":"wp","href":"https:\/\/api.w.org\/{rel}","templated":true}]}}